{"id":10448,"date":"2023-03-10T12:11:56","date_gmt":"2023-03-10T12:11:56","guid":{"rendered":"https:\/\/www.presson.fi\/?page_id=10448"},"modified":"2025-10-21T14:18:53","modified_gmt":"2025-10-21T14:18:53","slug":"moveround","status":"publish","type":"page","link":"https:\/\/www.presson.fi\/index.php\/kalusteet\/esityskalusteet\/liikuteltavat\/moveround\/","title":{"rendered":"Moveround"},"content":{"rendered":"<div class=\"wpb-content-wrapper\"><p>[vc_row gap=&#8221;15&#8243; row_content_width=&#8221;grid&#8221; content_text_aligment=&#8221;left&#8221; css=&#8221;.vc_custom_1492509993885{padding-top: 86px !important;}&#8221;][vc_column offset=&#8221;vc_col-lg-6 vc_col-md-12&#8243;][vc_column_text css=&#8221;&#8221;]<\/p>\n<h1>Moveround<\/h1>\n<p>[\/vc_column_text]<div class=\"edgtf-elements-holder edgtf-one-column edgtf-responsive-mode-768 edgtf-one-column-alignment-left\" ><div class=\"edgtf-eh-item \"  data-item-class=\"edgtf-eh-custom-544152\" data-1280-1600=\"0 0 0 0\" data-1024-1280=\"0 0 0 0\" data-768-1024=\"0 1% 0 0\" data-600-768=\"0 0 0 0\" data-480-600=\"0 0 0 0\" data-480=\"0 2% 0 0\">\n\t<div class=\"edgtf-eh-item-inner\">\n\t\t<div class=\"edgtf-eh-item-content edgtf-eh-custom-544152\" style=\"padding: 0 10% 0 0\">\n\t\t\t[vc_empty_space height=&#8221;20px&#8221;][vc_column_text css=&#8221;&#8221;]<\/p>\n<h6>Moveround on n\u00e4pp\u00e4r\u00e4 esityskaluste jota on helppo liikutella<\/h6>\n<div dir=\"ltr\">\n<p><span class=\"il\">Moveround<\/span> tuo my\u00f6s muista Presson esityskalusteista tutun helppok\u00e4ytt\u00f6isyyden ja selkeyden monimuotoisiin tiloihin, joissa kalustelayout voi vaihtua k\u00e4ytt\u00f6tarkoituksen mukaan. Helposti liikuteltavana se sopii erinomaisesti ymp\u00e4rist\u00f6ihin, joissa tilank\u00e4ytt\u00f6 muuttuu tarpeiden mukaan.<\/p>\n<p style=\"text-align: center;\"><strong><em>&#8221;Ty\u00f6skentely on sujuvaa, ja kokoustila on aina siisti<br \/>\nja k\u00e4ytt\u00f6valmis seuraavaan palaveriin&#8221;<\/em><\/strong><\/p>\n<p>Esityskalusteen avulla tilaan tuodaan tarvittavat k\u00e4ytt\u00f6- ja latauskaapelit sek\u00e4 s\u00e4hk\u00f6pistokkeet siististi ja helposti. \u00c4lyk\u00e4s vastapainomekanismi huolehtii, ett\u00e4 kaapelit pysyv\u00e4t siististi j\u00e4rjestyksess\u00e4 ja palautuvat automaattisesti paikoilleen k\u00e4yt\u00f6n j\u00e4lkeen.<\/p>\n<p>Sis\u00e4\u00e4nrakennettu AV-laitetila tekee k\u00e4ytt\u00f6\u00f6notosta ja yll\u00e4pidosta vaivatonta. Laitteet voidaan integroida kalusteeseen jo tuotantovaiheessa, mik\u00e4 nopeuttaa asennusta, v\u00e4hent\u00e4\u00e4 yll\u00e4pidon tarvetta ja takaa viimeistellyn ilmeen ilman n\u00e4kyvi\u00e4 laitteita tai roikkuvia johtoja.<\/p>\n<h6><strong><span class=\"il\">Moveroundin<\/span> py\u00f6re\u00e4 muotokieli<\/strong><strong> on syntynyt asiakkaan tarpeesta<\/strong><\/h6>\n<p>Ensimm\u00e4iset <span class=\"il\">Moveround <\/span>kaluste suunniteltiin asiakkaan tarpeeseen ministeri\u00f6tason kohteeseen, jossa on k\u00e4yt\u00f6ss\u00e4 vanhoja arvokkaita p\u00f6yt\u00e4kalusteita. Kalusteisiin ei ollut mahdollista tehd\u00e4 aukotuksia tai kiinteit\u00e4 asennuksia.<\/p>\n<p style=\"text-align: center;\"><strong><em>&#8221;Tarvittiin liikuteltava ja elegantti ratkaisu,<br \/>\njoka tuo nykytekniikan p\u00f6yd\u00e4n luokse, l\u00e4helle k\u00e4ytt\u00e4j\u00e4\u00e4.&#8221;<\/em><\/strong><\/p>\n<p><span class=\"il\">Moveround<\/span> mitoitettiin siten, ett\u00e4 se mahtuu esityskaapeleineen p\u00f6yd\u00e4n kannen alle ja on sielt\u00e4 helposti siirrett\u00e4viss\u00e4 k\u00e4ytt\u00e4j\u00e4n viereen \u2013 tarjoten esitys- tai latauskaapelit ja s\u00e4hk\u00f6n k\u00e4tev\u00e4sti sinne, miss\u00e4 niit\u00e4 tarvitaan. Lis\u00e4ksi olennaista oli ett\u00e4 kalusteesta l\u00f6ytyy avattava laitetila johon HDMI-valitsin, HDBT-kuva l\u00e4hetin ja lataus kaapeleiden virtal\u00e4hteet voidaan sijoittaa.<\/p>\n<h6><strong>Muotokieli, viimeistely ja p\u00e4ivitett\u00e4vyys <\/strong><\/h6>\n<p>Moveroundin py\u00f6re\u00e4, lieri\u00f6m\u00e4inen muotokieli tuo kalusteeseen pehmeytt\u00e4, eleganssia ja visuaalista keveytt\u00e4, korostaen samalla sen joustavuutta ja liikuteltavuutta.<\/p>\n<p style=\"text-align: center;\"><strong><em>Monissa kohteissa on k\u00e4ytetty kannen reunan puuviiluviimeistely\u00e4, joka tuo kalusteeseen hienovaraisen mutta erottuvan yksityiskohdan.<\/em> <\/strong><\/p>\n<p>Viimeistelyvaihtoehdot \u2013 puuviiluviimeistelyt, musta tai valkoinen sek\u00e4 asiakkaan valitsema RAL-s\u00e4vy \u2013 varmistavat, ett\u00e4 Moveround sulautuu erilaisiin sisustustyyleihin ja br\u00e4ndi-ilmeisiin.<\/p>\n<p>Kuten kaikki Presson esityskalusteet, my\u00f6s <span class=\"il\">Moveround<\/span> on rakennettu kest\u00e4m\u00e4\u00e4n ja p\u00e4ivitett\u00e4viss\u00e4 tarpeiden muuttuessa. K\u00e4ytt\u00f6kaapelit ovat vaihdettavissa ja p\u00e4ivitett\u00e4viss\u00e4, mik\u00e4 tekee kalusteesta pitk\u00e4ik\u00e4isen ja ymp\u00e4rist\u00f6yst\u00e4v\u00e4llisen ratkaisun \u2013 v\u00e4hemm\u00e4n j\u00e4tett\u00e4 ja paljon enemm\u00e4n k\u00e4ytt\u00f6vuosia.<\/p>\n<\/div>\n<p>[\/vc_column_text]\t\t<\/div>\n\t<\/div>\n<\/div><\/div>[vc_empty_space height=&#8221;5px&#8221;][\/vc_column][vc_column offset=&#8221;vc_col-lg-6 vc_col-md-12&#8243;][vc_single_image image=&#8221;13278&#8243; img_size=&#8221;full&#8221; alignment=&#8221;center&#8221; css=&#8221;&#8221;][vc_empty_space height=&#8221;5px&#8221;][vc_single_image image=&#8221;13314&#8243; img_size=&#8221;full&#8221; alignment=&#8221;center&#8221; css=&#8221;&#8221;][\/vc_column][\/vc_row][vc_row css=&#8221;.vc_custom_1682074376396{padding-top: 1px !important;}&#8221;][vc_column][vc_empty_space][\/vc_column][\/vc_row][vc_row][vc_column][vc_empty_space height=&#8221;5px&#8221;]<div class=\"edgtf-image-gallery  edgtf-ig-grid-type    \">\n\t<div class=\"edgtf-ig-inner edgtf-ig-grid edgtf-ig-four-columns edgtf-ig-tiny-space\">\n\t\t\t\t\t<div class=\"edgtf-ig-image\">\n\t\t\t\t<div class=\"edgtf-ig-image-inner\">\n\t\t\t\t\t\t\t\t\t\t\t<img loading=\"lazy\" decoding=\"async\" width=\"800\" height=\"800\" src=\"https:\/\/www.presson.fi\/wp-content\/uploads\/2024\/11\/IMG_7759.jpeg\" class=\"attachment-full size-full\" alt=\"Presson Oy Move Round - Esityskaluste musta viimeistely\" srcset=\"https:\/\/www.presson.fi\/wp-content\/uploads\/2024\/11\/IMG_7759.jpeg 800w, https:\/\/www.presson.fi\/wp-content\/uploads\/2024\/11\/IMG_7759-300x300.jpeg 300w, https:\/\/www.presson.fi\/wp-content\/uploads\/2024\/11\/IMG_7759-150x150.jpeg 150w, https:\/\/www.presson.fi\/wp-content\/uploads\/2024\/11\/IMG_7759-768x768.jpeg 768w, https:\/\/www.presson.fi\/wp-content\/uploads\/2024\/11\/IMG_7759-550x550.jpeg 550w, https:\/\/www.presson.fi\/wp-content\/uploads\/2024\/11\/IMG_7759-600x600.jpeg 600w, https:\/\/www.presson.fi\/wp-content\/uploads\/2024\/11\/IMG_7759-100x100.jpeg 100w\" sizes=\"auto, (max-width: 800px) 100vw, 800px\" \/>\t\t\t\t\t\t\t\t\t<\/div>\n\t\t\t\t\t\t\t<\/div>\n\t\t\t\t\t<div class=\"edgtf-ig-image\">\n\t\t\t\t<div class=\"edgtf-ig-image-inner\">\n\t\t\t\t\t\t\t\t\t\t\t<img loading=\"lazy\" decoding=\"async\" width=\"800\" height=\"800\" src=\"https:\/\/www.presson.fi\/wp-content\/uploads\/2024\/11\/IMG_2663.jpeg\" class=\"attachment-full size-full\" alt=\"Presson Oy Move Round - Esityskaluste viilu viimeistely\" srcset=\"https:\/\/www.presson.fi\/wp-content\/uploads\/2024\/11\/IMG_2663.jpeg 800w, https:\/\/www.presson.fi\/wp-content\/uploads\/2024\/11\/IMG_2663-300x300.jpeg 300w, https:\/\/www.presson.fi\/wp-content\/uploads\/2024\/11\/IMG_2663-150x150.jpeg 150w, https:\/\/www.presson.fi\/wp-content\/uploads\/2024\/11\/IMG_2663-768x768.jpeg 768w, https:\/\/www.presson.fi\/wp-content\/uploads\/2024\/11\/IMG_2663-550x550.jpeg 550w, https:\/\/www.presson.fi\/wp-content\/uploads\/2024\/11\/IMG_2663-600x600.jpeg 600w, https:\/\/www.presson.fi\/wp-content\/uploads\/2024\/11\/IMG_2663-100x100.jpeg 100w\" sizes=\"auto, (max-width: 800px) 100vw, 800px\" \/>\t\t\t\t\t\t\t\t\t<\/div>\n\t\t\t\t\t\t\t<\/div>\n\t\t\t\t\t<div class=\"edgtf-ig-image\">\n\t\t\t\t<div class=\"edgtf-ig-image-inner\">\n\t\t\t\t\t\t\t\t\t\t\t<img loading=\"lazy\" decoding=\"async\" width=\"800\" height=\"800\" src=\"https:\/\/www.presson.fi\/wp-content\/uploads\/2024\/11\/IMG_87991.jpeg\" class=\"attachment-full size-full\" alt=\"Presson Oy Move Round - Esityskaluste musta viimeistely\" srcset=\"https:\/\/www.presson.fi\/wp-content\/uploads\/2024\/11\/IMG_87991.jpeg 800w, https:\/\/www.presson.fi\/wp-content\/uploads\/2024\/11\/IMG_87991-300x300.jpeg 300w, https:\/\/www.presson.fi\/wp-content\/uploads\/2024\/11\/IMG_87991-150x150.jpeg 150w, https:\/\/www.presson.fi\/wp-content\/uploads\/2024\/11\/IMG_87991-768x768.jpeg 768w, https:\/\/www.presson.fi\/wp-content\/uploads\/2024\/11\/IMG_87991-550x550.jpeg 550w, https:\/\/www.presson.fi\/wp-content\/uploads\/2024\/11\/IMG_87991-600x600.jpeg 600w, https:\/\/www.presson.fi\/wp-content\/uploads\/2024\/11\/IMG_87991-100x100.jpeg 100w\" sizes=\"auto, (max-width: 800px) 100vw, 800px\" \/>\t\t\t\t\t\t\t\t\t<\/div>\n\t\t\t\t\t\t\t<\/div>\n\t\t\t\t\t<div class=\"edgtf-ig-image\">\n\t\t\t\t<div class=\"edgtf-ig-image-inner\">\n\t\t\t\t\t\t\t\t\t\t\t<img loading=\"lazy\" decoding=\"async\" width=\"800\" height=\"800\" src=\"https:\/\/www.presson.fi\/wp-content\/uploads\/2024\/10\/IMG_5144.jpeg\" class=\"attachment-full size-full\" alt=\"Presson Move Round - Esityskaluste viimeistely valkoinen\" srcset=\"https:\/\/www.presson.fi\/wp-content\/uploads\/2024\/10\/IMG_5144.jpeg 800w, https:\/\/www.presson.fi\/wp-content\/uploads\/2024\/10\/IMG_5144-300x300.jpeg 300w, https:\/\/www.presson.fi\/wp-content\/uploads\/2024\/10\/IMG_5144-150x150.jpeg 150w, https:\/\/www.presson.fi\/wp-content\/uploads\/2024\/10\/IMG_5144-768x768.jpeg 768w, https:\/\/www.presson.fi\/wp-content\/uploads\/2024\/10\/IMG_5144-550x550.jpeg 550w, https:\/\/www.presson.fi\/wp-content\/uploads\/2024\/10\/IMG_5144-600x600.jpeg 600w, https:\/\/www.presson.fi\/wp-content\/uploads\/2024\/10\/IMG_5144-100x100.jpeg 100w\" sizes=\"auto, (max-width: 800px) 100vw, 800px\" \/>\t\t\t\t\t\t\t\t\t<\/div>\n\t\t\t\t\t\t\t<\/div>\n\t\t\t<\/div>\n<\/div>[\/vc_column][\/vc_row][vc_row][vc_column][vc_separator][\/vc_column][\/vc_row][vc_row gap=&#8221;15&#8243; row_content_width=&#8221;grid&#8221; content_text_aligment=&#8221;left&#8221; css=&#8221;.vc_custom_1683882912233{padding-top: 30px !important;padding-bottom: 20px !important;}&#8221;][vc_column width=&#8221;1\/3&#8243;][vc_column_text css=&#8221;&#8221;]<\/p>\n<h5>MOVEROUND<\/h5>\n<p>[\/vc_column_text]<div class=\"edgtf-elements-holder edgtf-one-column edgtf-responsive-mode-768 edgtf-one-column-alignment-left\" ><div class=\"edgtf-eh-item \"  data-item-class=\"edgtf-eh-custom-934038\" data-1280-1600=\"0 0 0 0\" data-1024-1280=\"0 0 0 0\" data-768-1024=\"0 1% 0 0\" data-600-768=\"0 0 0 0\" data-480-600=\"0 0 0 0\" data-480=\"0 2% 0 0\">\n\t<div class=\"edgtf-eh-item-inner\">\n\t\t<div class=\"edgtf-eh-item-content edgtf-eh-custom-934038\" style=\"padding: 0 10% 0 0\">\n\t\t\t[vc_column_text css=&#8221;&#8221;]<\/p>\n<ul>\n<li>K\u00e4ytt\u00f6kaapelit: 1-4 kpl<\/li>\n<li>K\u00e4ytt\u00f6kaapelin pituus: 1120 mm<\/li>\n<li>S\u00e4hk\u00f6pistoke: 2 \/ 4 \/ 6 \/ 8 kpl<\/li>\n<\/ul>\n<p>[\/vc_column_text]\t\t<\/div>\n\t<\/div>\n<\/div><\/div>[\/vc_column][vc_column width=&#8221;1\/3&#8243;][vc_column_text]<\/p>\n<h5>MITAT<\/h5>\n<p>[\/vc_column_text]<div class=\"edgtf-elements-holder edgtf-one-column edgtf-responsive-mode-768 edgtf-one-column-alignment-left\" ><div class=\"edgtf-eh-item \"  data-item-class=\"edgtf-eh-custom-925520\" data-1280-1600=\"0 0 0 0\" data-1024-1280=\"0 0 0 0\" data-768-1024=\"0 1% 0 0\" data-600-768=\"0 0 0 0\" data-480-600=\"0 0 0 0\" data-480=\"0 2% 0 0\">\n\t<div class=\"edgtf-eh-item-inner\">\n\t\t<div class=\"edgtf-eh-item-content edgtf-eh-custom-925520\" style=\"padding: 0 10% 0 0\">\n\t\t\t[vc_column_text css=&#8221;&#8221;]<\/p>\n<ul>\n<li>Leveys: \u00f8 420mm<\/li>\n<li>Korkeus (py\u00f6rill\u00e4): 625mm<\/li>\n<li>Korkeus (esityskaapelin p\u00e4\u00e4h\u00e4n saakka) 645mm<\/li>\n<li>Paino: 16kg<\/li>\n<\/ul>\n<p>[\/vc_column_text]\t\t<\/div>\n\t<\/div>\n<\/div><\/div>[\/vc_column][vc_column width=&#8221;1\/6&#8243;][\/vc_column][\/vc_row][vc_row css=&#8221;.vc_custom_1682074376396{padding-top: 1px !important;}&#8221;][vc_column][vc_separator][\/vc_column][\/vc_row][vc_row gap=&#8221;15&#8243; row_content_width=&#8221;grid&#8221; content_text_aligment=&#8221;left&#8221; css=&#8221;.vc_custom_1682074323435{padding-top: 30px !important;padding-bottom: 20px !important;}&#8221;][vc_column width=&#8221;1\/3&#8243;][vc_column_text]<\/p>\n<h5>LIS\u00c4TIEDOT<\/h5>\n<p>[\/vc_column_text]<div class=\"edgtf-elements-holder edgtf-one-column edgtf-responsive-mode-768 edgtf-one-column-alignment-left\" ><div class=\"edgtf-eh-item \"  data-item-class=\"edgtf-eh-custom-503039\" data-1280-1600=\"0 0 0 0\" data-1024-1280=\"0 0 0 0\" data-768-1024=\"0 1% 0 0\" data-600-768=\"0 0 0 0\" data-480-600=\"0 0 0 0\" data-480=\"0 2% 0 0\">\n\t<div class=\"edgtf-eh-item-inner\">\n\t\t<div class=\"edgtf-eh-item-content edgtf-eh-custom-503039\" style=\"padding: 0 10% 0 0\">\n\t\t\t[vc_column_text css=&#8221;&#8221;]<\/p>\n<ul>\n<li>Kaluste on liikuteltava ja varusteltu py\u00f6rill\u00e4<\/li>\n<li>Avattava laitetila<\/li>\n<li>Laitetilassa 5-os. s\u00e4hk\u00f6pistoke<\/li>\n<li>Virtajohto 5m<\/li>\n<li>S\u00e4\u00e4t\u00f6tassut<\/li>\n<\/ul>\n<p>K\u00e4ytt\u00f6kaapeli vaihtoehdot:<\/p>\n<ul>\n<li>HDMI (-HDMI, esityskaapeli)<\/li>\n<li>USB-C (All in one: USB-, HDMI-esitys- ja 65W-latauskaapeli)<\/li>\n<li>USB-C (-HDMI, esityskaapeli)<\/li>\n<li>USB-C 65W (Power Delivery latauskaapeli)<\/li>\n<li>USB-A (-USB-A 2.0, U-N, USB-kaapeli)<\/li>\n<li>Apple Lightning (-USB-C latauskaapeli)<\/li>\n<li>RJ45 LAN (verkkokaapeli)<\/li>\n<li>3.5mm Audio (-3.5mm audio -kaapeli)<\/li>\n<\/ul>\n<p>[\/vc_column_text]\t\t<\/div>\n\t<\/div>\n<\/div><\/div>[\/vc_column][vc_column width=&#8221;1\/3&#8243;][vc_column_text]<\/p>\n<h5>LIS\u00c4VARUSTEET<\/h5>\n<p>[\/vc_column_text]<div class=\"edgtf-elements-holder edgtf-one-column edgtf-responsive-mode-768 edgtf-one-column-alignment-left\" ><div class=\"edgtf-eh-item \"  data-item-class=\"edgtf-eh-custom-748053\" data-1280-1600=\"0 0 0 0\" data-1024-1280=\"0 0 0 0\" data-768-1024=\"0 1% 0 0\" data-600-768=\"0 0 0 0\" data-480-600=\"0 0 0 0\" data-480=\"0 2% 0 0\">\n\t<div class=\"edgtf-eh-item-inner\">\n\t\t<div class=\"edgtf-eh-item-content edgtf-eh-custom-748053\" style=\"padding: 0 10% 0 0\">\n\t\t\t[vc_column_text css=&#8221;&#8221;]<\/p>\n<ul>\n<li>Virtajohto 3m \/ 5m \/ 7,5m\u00a0 \/ 10m<\/li>\n<li>Virtajohdon tilalle musta kaapelisukka 4m \/ 6,5m \/ 9m<br \/>\n(Kaapelisukkaan virta ja verkkokaapelit)<\/li>\n<li>S\u00e4hk\u00f6pistoke lis\u00e4ys, m\u00e4\u00e4r\u00e4 yht. 4 \/ 6 \/ 8 kpl<\/li>\n<li>Toinen 5-os. s\u00e4hk\u00f6pistoke laitetilaan<\/li>\n<\/ul>\n<div class=\"edgtf-elements-holder edgtf-one-column edgtf-responsive-mode-768 edgtf-one-column-alignment-left\">\n<div class=\"edgtf-eh-item \" data-item-class=\"edgtf-eh-custom-152873\" data-1280-1600=\"0 0 0 0\" data-1024-1280=\"0 0 0 0\" data-768-1024=\"0 1% 0 0\" data-600-768=\"0 0 0 0\" data-480-600=\"0 0 0 0\" data-480=\"0 2% 0 0\">\n<div class=\"edgtf-eh-item-inner\">\n<div class=\"edgtf-eh-item-content edgtf-eh-custom-152873\">\n<div class=\"wpb_text_column wpb_content_element\">\n<div class=\"wpb_wrapper\"><\/div>\n<\/div>\n<\/div>\n<\/div>\n<\/div>\n<\/div>\n<p>[\/vc_column_text]\t\t<\/div>\n\t<\/div>\n<\/div><\/div>[\/vc_column][vc_column width=&#8221;1\/6&#8243;][\/vc_column][\/vc_row][vc_row gap=&#8221;15&#8243; row_content_width=&#8221;grid&#8221; content_text_aligment=&#8221;left&#8221;][vc_column width=&#8221;1\/3&#8243;][vc_column_text]<\/p>\n<h5>VIIMEISTELY<\/h5>\n<p>[\/vc_column_text]<div class=\"edgtf-elements-holder edgtf-one-column edgtf-responsive-mode-768 edgtf-one-column-alignment-left\" ><div class=\"edgtf-eh-item \"  data-item-class=\"edgtf-eh-custom-899898\" data-1280-1600=\"0 0 0 0\" data-1024-1280=\"0 0 0 0\" data-768-1024=\"0 1% 0 0\" data-600-768=\"0 0 0 0\" data-480-600=\"0 0 0 0\" data-480=\"0 2% 0 0\">\n\t<div class=\"edgtf-eh-item-inner\">\n\t\t<div class=\"edgtf-eh-item-content edgtf-eh-custom-899898\" style=\"padding: 0 10% 0 0\">\n\t\t\t[vc_column_text css=&#8221;&#8221;]Valkoinen RAL9016<\/p>\n<p>Musta RAL9005<\/p>\n<p>Tammiviilu[\/vc_column_text]\t\t<\/div>\n\t<\/div>\n<\/div><\/div>[\/vc_column][vc_column width=&#8221;1\/3&#8243;][vc_column_text]<\/p>\n<h5>R\u00c4\u00c4T\u00c4L\u00d6INTI<\/h5>\n<p>[\/vc_column_text]<div class=\"edgtf-elements-holder edgtf-one-column edgtf-responsive-mode-768 edgtf-one-column-alignment-left\" ><div class=\"edgtf-eh-item \"  data-item-class=\"edgtf-eh-custom-949688\" data-1280-1600=\"0 0 0 0\" data-1024-1280=\"0 0 0 0\" data-768-1024=\"0 1% 0 0\" data-600-768=\"0 0 0 0\" data-480-600=\"0 0 0 0\" data-480=\"0 2% 0 0\">\n\t<div class=\"edgtf-eh-item-inner\">\n\t\t<div class=\"edgtf-eh-item-content edgtf-eh-custom-949688\" style=\"padding: 0 10% 0 0\">\n\t\t\t[vc_column_text css=&#8221;&#8221;]Kalusteiden yksil\u00f6llinen kustomointi mahdollista.<\/p>\n<p>Kannen reunan RAL-s\u00e4vy, tai viiluviimeistely<\/p>\n<p>Optiona kalusteen viimeistely vaihtoehtoja:<\/p>\n<ul>\n<li>Maalaus muu RAL-s\u00e4vy<\/li>\n<li>Puuviilu, lakkaus<br \/>\n(mm. Tammi, Saarni, Koivu, P\u00e4hkin\u00e4\u2026)<\/li>\n<li>Valkoiseksi petsattu puuviilu<\/li>\n<li>Mustaksi petsattu puuviilu<\/li>\n<li>Huopa PET<\/li>\n<\/ul>\n<p>[\/vc_column_text]\t\t<\/div>\n\t<\/div>\n<\/div><\/div>[\/vc_column][vc_column width=&#8221;1\/6&#8243;][\/vc_column][\/vc_row][vc_row gap=&#8221;15&#8243; content_placement=&#8221;middle&#8221; row_content_width=&#8221;grid&#8221; content_text_aligment=&#8221;center&#8221; css=&#8221;.vc_custom_1682074344642{padding-top: 20px !important;}&#8221;][vc_column offset=&#8221;vc_col-lg-6 vc_col-md-12&#8243; css=&#8221;.vc_custom_1492510149365{padding-top: 0px !important;padding-bottom: 0px !important;}&#8221;][vc_btn title=&#8221;KYSY LIS\u00c4\u00c4!&#8221; color=&#8221;black&#8221; align=&#8221;left&#8221; link=&#8221;url:https%3A%2F%2Fuusi.presson.fi%2Findex.php%2Fotayhteytta%2F|target:_blank&#8221;][\/vc_column][\/vc_row][vc_row gap=&#8221;15&#8243; content_placement=&#8221;middle&#8221; disable_element=&#8221;yes&#8221; row_content_width=&#8221;grid&#8221; content_text_aligment=&#8221;center&#8221; css=&#8221;.vc_custom_1669883673634{padding-bottom: 47px !important;}&#8221;][vc_column offset=&#8221;vc_col-lg-6 vc_col-md-12&#8243; css=&#8221;.vc_custom_1492510149365{padding-top: 0px !important;padding-bottom: 0px !important;}&#8221;]<div class=\"edgtf-image-gallery  edgtf-ig-grid-type    \">\n\t<div class=\"edgtf-ig-inner edgtf-ig-grid edgtf-ig-two-columns edgtf-ig-big-space\">\n\t\t\t\t\t<div class=\"edgtf-ig-image\">\n\t\t\t\t<div class=\"edgtf-ig-image-inner\">\n\t\t\t\t\t\t\t\t\t\t\t<img loading=\"lazy\" decoding=\"async\" width=\"800\" height=\"800\" src=\"https:\/\/www.presson.fi\/wp-content\/uploads\/2017\/04\/p1-gallery-img-1.jpg\" class=\"attachment-full size-full\" alt=\"g\" srcset=\"https:\/\/www.presson.fi\/wp-content\/uploads\/2017\/04\/p1-gallery-img-1.jpg 800w, https:\/\/www.presson.fi\/wp-content\/uploads\/2017\/04\/p1-gallery-img-1-300x300.jpg 300w, https:\/\/www.presson.fi\/wp-content\/uploads\/2017\/04\/p1-gallery-img-1-100x100.jpg 100w, https:\/\/www.presson.fi\/wp-content\/uploads\/2017\/04\/p1-gallery-img-1-600x600.jpg 600w, https:\/\/www.presson.fi\/wp-content\/uploads\/2017\/04\/p1-gallery-img-1-150x150.jpg 150w, https:\/\/www.presson.fi\/wp-content\/uploads\/2017\/04\/p1-gallery-img-1-768x768.jpg 768w, https:\/\/www.presson.fi\/wp-content\/uploads\/2017\/04\/p1-gallery-img-1-550x550.jpg 550w\" sizes=\"auto, (max-width: 800px) 100vw, 800px\" \/>\t\t\t\t\t\t\t\t\t<\/div>\n\t\t\t\t\t\t\t<\/div>\n\t\t\t\t\t<div class=\"edgtf-ig-image\">\n\t\t\t\t<div class=\"edgtf-ig-image-inner\">\n\t\t\t\t\t\t\t\t\t\t\t<img loading=\"lazy\" decoding=\"async\" width=\"800\" height=\"800\" src=\"https:\/\/www.presson.fi\/wp-content\/uploads\/2017\/04\/p1-gallery-img-2.jpg\" class=\"attachment-full size-full\" alt=\"g\" srcset=\"https:\/\/www.presson.fi\/wp-content\/uploads\/2017\/04\/p1-gallery-img-2.jpg 800w, https:\/\/www.presson.fi\/wp-content\/uploads\/2017\/04\/p1-gallery-img-2-300x300.jpg 300w, https:\/\/www.presson.fi\/wp-content\/uploads\/2017\/04\/p1-gallery-img-2-100x100.jpg 100w, https:\/\/www.presson.fi\/wp-content\/uploads\/2017\/04\/p1-gallery-img-2-600x600.jpg 600w, https:\/\/www.presson.fi\/wp-content\/uploads\/2017\/04\/p1-gallery-img-2-150x150.jpg 150w, https:\/\/www.presson.fi\/wp-content\/uploads\/2017\/04\/p1-gallery-img-2-768x768.jpg 768w, https:\/\/www.presson.fi\/wp-content\/uploads\/2017\/04\/p1-gallery-img-2-550x550.jpg 550w\" sizes=\"auto, (max-width: 800px) 100vw, 800px\" \/>\t\t\t\t\t\t\t\t\t<\/div>\n\t\t\t\t\t\t\t<\/div>\n\t\t\t<\/div>\n<\/div>[\/vc_column][vc_column offset=&#8221;vc_col-lg-6 vc_col-md-12&#8243; css=&#8221;.vc_custom_1492510167989{padding-top: 0px !important;padding-bottom: 0px !important;}&#8221;]<div class=\"edgtf-image-gallery  edgtf-ig-grid-type    \">\n\t<div class=\"edgtf-ig-inner edgtf-ig-grid edgtf-ig-two-columns edgtf-ig-big-space\">\n\t\t\t\t\t<div class=\"edgtf-ig-image\">\n\t\t\t\t<div class=\"edgtf-ig-image-inner\">\n\t\t\t\t\t\t\t\t\t\t\t<img loading=\"lazy\" decoding=\"async\" width=\"800\" height=\"800\" src=\"https:\/\/www.presson.fi\/wp-content\/uploads\/2017\/04\/p1-gallery-img-3.jpg\" class=\"attachment-full size-full\" alt=\"g\" srcset=\"https:\/\/www.presson.fi\/wp-content\/uploads\/2017\/04\/p1-gallery-img-3.jpg 800w, https:\/\/www.presson.fi\/wp-content\/uploads\/2017\/04\/p1-gallery-img-3-300x300.jpg 300w, https:\/\/www.presson.fi\/wp-content\/uploads\/2017\/04\/p1-gallery-img-3-100x100.jpg 100w, https:\/\/www.presson.fi\/wp-content\/uploads\/2017\/04\/p1-gallery-img-3-600x600.jpg 600w, https:\/\/www.presson.fi\/wp-content\/uploads\/2017\/04\/p1-gallery-img-3-150x150.jpg 150w, https:\/\/www.presson.fi\/wp-content\/uploads\/2017\/04\/p1-gallery-img-3-768x768.jpg 768w, https:\/\/www.presson.fi\/wp-content\/uploads\/2017\/04\/p1-gallery-img-3-550x550.jpg 550w\" sizes=\"auto, (max-width: 800px) 100vw, 800px\" \/>\t\t\t\t\t\t\t\t\t<\/div>\n\t\t\t\t\t\t\t<\/div>\n\t\t\t\t\t<div class=\"edgtf-ig-image\">\n\t\t\t\t<div class=\"edgtf-ig-image-inner\">\n\t\t\t\t\t\t\t\t\t\t\t<img loading=\"lazy\" decoding=\"async\" width=\"800\" height=\"800\" src=\"https:\/\/www.presson.fi\/wp-content\/uploads\/2017\/04\/p1-gallery-img-4.jpg\" class=\"attachment-full size-full\" alt=\"g\" srcset=\"https:\/\/www.presson.fi\/wp-content\/uploads\/2017\/04\/p1-gallery-img-4.jpg 800w, https:\/\/www.presson.fi\/wp-content\/uploads\/2017\/04\/p1-gallery-img-4-300x300.jpg 300w, https:\/\/www.presson.fi\/wp-content\/uploads\/2017\/04\/p1-gallery-img-4-100x100.jpg 100w, https:\/\/www.presson.fi\/wp-content\/uploads\/2017\/04\/p1-gallery-img-4-600x600.jpg 600w, https:\/\/www.presson.fi\/wp-content\/uploads\/2017\/04\/p1-gallery-img-4-150x150.jpg 150w, https:\/\/www.presson.fi\/wp-content\/uploads\/2017\/04\/p1-gallery-img-4-768x768.jpg 768w, https:\/\/www.presson.fi\/wp-content\/uploads\/2017\/04\/p1-gallery-img-4-550x550.jpg 550w\" sizes=\"auto, (max-width: 800px) 100vw, 800px\" \/>\t\t\t\t\t\t\t\t\t<\/div>\n\t\t\t\t\t\t\t<\/div>\n\t\t\t<\/div>\n<\/div>[\/vc_column][\/vc_row]<\/p>\n<\/div>","protected":false},"excerpt":{"rendered":"<p>[vc_row gap=&#8221;15&#8243; row_content_width=&#8221;grid&#8221; content_text_aligment=&#8221;left&#8221; css=&#8221;.vc_custom_1492509993885{padding-top: 86px !important;}&#8221;][vc_column offset=&#8221;vc_col-lg-6 vc_col-md-12&#8243;][vc_column_text css=&#8221;&#8221;] Moveround [\/vc_column_text][vc_empty_space height=&#8221;5px&#8221;][\/vc_column][vc_column offset=&#8221;vc_col-lg-6 vc_col-md-12&#8243;][vc_single_image image=&#8221;13278&#8243; img_size=&#8221;full&#8221; alignment=&#8221;center&#8221; css=&#8221;&#8221;][vc_empty_space height=&#8221;5px&#8221;][vc_single_image image=&#8221;13314&#8243; img_size=&#8221;full&#8221; alignment=&#8221;center&#8221; css=&#8221;&#8221;][\/vc_column][\/vc_row][vc_row css=&#8221;.vc_custom_1682074376396{padding-top: 1px !important;}&#8221;][vc_column][vc_empty_space][\/vc_column][\/vc_row][vc_row][vc_column][vc_empty_space height=&#8221;5px&#8221;][\/vc_column][\/vc_row][vc_row][vc_column][vc_separator][\/vc_column][\/vc_row][vc_row gap=&#8221;15&#8243; row_content_width=&#8221;grid&#8221; content_text_aligment=&#8221;left&#8221; css=&#8221;.vc_custom_1683882912233{padding-top: 30px !important;padding-bottom: 20px !important;}&#8221;][vc_column width=&#8221;1\/3&#8243;][vc_column_text css=&#8221;&#8221;] MOVEROUND [\/vc_column_text][\/vc_column][vc_column [&hellip;]<\/p>\n","protected":false},"author":1,"featured_media":0,"parent":10189,"menu_order":0,"comment_status":"closed","ping_status":"closed","template":"full-width.php","meta":{"footnotes":""},"class_list":["post-10448","page","type-page","status-publish","hentry"],"_links":{"self":[{"href":"https:\/\/www.presson.fi\/index.php\/wp-json\/wp\/v2\/pages\/10448","targetHints":{"allow":["GET"]}}],"collection":[{"href":"https:\/\/www.presson.fi\/index.php\/wp-json\/wp\/v2\/pages"}],"about":[{"href":"https:\/\/www.presson.fi\/index.php\/wp-json\/wp\/v2\/types\/page"}],"author":[{"embeddable":true,"href":"https:\/\/www.presson.fi\/index.php\/wp-json\/wp\/v2\/users\/1"}],"replies":[{"embeddable":true,"href":"https:\/\/www.presson.fi\/index.php\/wp-json\/wp\/v2\/comments?post=10448"}],"version-history":[{"count":45,"href":"https:\/\/www.presson.fi\/index.php\/wp-json\/wp\/v2\/pages\/10448\/revisions"}],"predecessor-version":[{"id":13315,"href":"https:\/\/www.presson.fi\/index.php\/wp-json\/wp\/v2\/pages\/10448\/revisions\/13315"}],"up":[{"embeddable":true,"href":"https:\/\/www.presson.fi\/index.php\/wp-json\/wp\/v2\/pages\/10189"}],"wp:attachment":[{"href":"https:\/\/www.presson.fi\/index.php\/wp-json\/wp\/v2\/media?parent=10448"}],"curies":[{"name":"wp","href":"https:\/\/api.w.org\/{rel}","templated":true}]}}