{"id":10970,"date":"2023-05-10T10:36:39","date_gmt":"2023-05-10T10:36:39","guid":{"rendered":"https:\/\/www.presson.fi\/?page_id=10970"},"modified":"2023-10-13T04:09:24","modified_gmt":"2023-10-13T04:09:24","slug":"testisivu","status":"publish","type":"page","link":"https:\/\/www.presson.fi\/index.php\/testisivu\/","title":{"rendered":"Testisivu"},"content":{"rendered":"<div class=\"wpb-content-wrapper\"><p>[vc_row][vc_column]\n\t\t\t<!-- START TONI TESTAA REVOLUTION SLIDER 6.6.20 --><p class=\"rs-p-wp-fix\"><\/p>\n\t\t\t<rs-module-wrap id=\"rev_slider_11_1_wrapper\" data-source=\"gallery\" style=\"visibility:hidden;background:transparent;padding:0;margin:0px auto;margin-top:0;margin-bottom:0;\">\n\t\t\t\t<rs-module id=\"rev_slider_11_1\" style=\"\" data-version=\"6.6.20\">\n\t\t\t\t\t<rs-slides style=\"overflow: hidden; position: absolute;\">\n\t\t\t\t\t\t<rs-slide style=\"position: absolute;\" data-key=\"rs-30\" data-title=\"Slide\" data-thumb=\"\/\/www.presson.fi\/wp-content\/uploads\/2021\/09\/testi-100x50.jpg\" data-anim=\"ms:800;r:0;\" data-in=\"o:0;\" data-out=\"a:false;\">\n\t\t\t\t\t\t\t<img decoding=\"async\" src=\"\/\/www.presson.fi\/wp-content\/plugins\/revslider\/public\/assets\/assets\/dummy.png\" alt=\"\" title=\"testi\" width=\"1920\" height=\"1082\" class=\"rev-slidebg tp-rs-img rs-lazyload\" data-lazyload=\"\/\/www.presson.fi\/wp-content\/uploads\/2021\/09\/testi.jpg\" data-bg=\"p:center bottom;\" data-parallax=\"15\" data-panzoom=\"d:7000;e:sine.in;ss:100;se:110;\" data-no-retina>\n<!--\n\t\t\t\t\t\t\t--><rs-layer\n\t\t\t\t\t\t\t\tid=\"slider-11-slide-30-layer-1\" \n\t\t\t\t\t\t\t\tdata-type=\"text\"\n\t\t\t\t\t\t\t\tdata-rsp_ch=\"on\"\n\t\t\t\t\t\t\t\tdata-xy=\"x:c;y:m;yo:-48px;\"\n\t\t\t\t\t\t\t\tdata-text=\"s:100,85,50,36;l:100,85,50,36;ls:0.1em;fw:500;a:center;\"\n\t\t\t\t\t\t\t\tdata-basealign=\"slide\"\n\t\t\t\t\t\t\t\tdata-frame_0=\"y:100%;\"\n\t\t\t\t\t\t\t\tdata-frame_0_mask=\"u:t;y:10%;\"\n\t\t\t\t\t\t\t\tdata-frame_1=\"e:power2.out;st:1200;sp:800;sR:1200;\"\n\t\t\t\t\t\t\t\tdata-frame_1_mask=\"u:t;\"\n\t\t\t\t\t\t\t\tdata-frame_999=\"y:-100%;e:power2.out;st:w;sp:600;sR:2500;\"\n\t\t\t\t\t\t\t\tdata-frame_999_mask=\"u:t;\"\n\t\t\t\t\t\t\t\tstyle=\"z-index:9;font-family:'Roboto';text-transform:uppercase;\"\n\t\t\t\t\t\t\t>Viimeistellyt <br>neuvottelutilat \n\t\t\t\t\t\t\t<\/rs-layer><!--\n\n\t\t\t\t\t\t\t--><rs-layer\n\t\t\t\t\t\t\t\tid=\"slider-11-slide-30-layer-2\" \n\t\t\t\t\t\t\t\tdata-type=\"text\"\n\t\t\t\t\t\t\t\tdata-rsp_ch=\"on\"\n\t\t\t\t\t\t\t\tdata-xy=\"x:c;xo:0,0,0,681px;y:m;yo:56px,56px,36px,-279px;\"\n\t\t\t\t\t\t\t\tdata-text=\"s:18;l:34;fw:300;a:center;\"\n\t\t\t\t\t\t\t\tdata-vbility=\"t,t,t,f\"\n\t\t\t\t\t\t\t\tdata-basealign=\"slide\"\n\t\t\t\t\t\t\t\tdata-frame_0=\"y:100%;\"\n\t\t\t\t\t\t\t\tdata-frame_0_mask=\"u:t;y:50%;\"\n\t\t\t\t\t\t\t\tdata-frame_1=\"e:power2.out;st:1300;sp:800;sR:1300;\"\n\t\t\t\t\t\t\t\tdata-frame_1_mask=\"u:t;\"\n\t\t\t\t\t\t\t\tdata-frame_999=\"y:-100%;e:power2.out;st:w;sp:600;sR:2400;\"\n\t\t\t\t\t\t\t\tdata-frame_999_mask=\"u:t;\"\n\t\t\t\t\t\t\t\tstyle=\"z-index:10;font-family:'Roboto';\"\n\t\t\t\t\t\t\t>Presson kalusteilla helpotat AV-projektin valintojen tekemist\u00e4 ja kokoustilaymp\u00e4rist\u00f6jen hahmottamista. \n\t\t\t\t\t\t\t<\/rs-layer><!--\n\n\t\t\t\t\t\t\t--><rs-layer\n\t\t\t\t\t\t\t\tid=\"slider-11-slide-30-layer-3\" \n\t\t\t\t\t\t\t\tdata-type=\"text\"\n\t\t\t\t\t\t\t\tdata-xy=\"x:c;y:m;yo:156px,156px,136px,46px;\"\n\t\t\t\t\t\t\t\tdata-text=\"l:22;a:inherit;\"\n\t\t\t\t\t\t\t\tdata-basealign=\"slide\"\n\t\t\t\t\t\t\t\tdata-rsp_o=\"off\"\n\t\t\t\t\t\t\t\tdata-rsp_bd=\"off\"\n\t\t\t\t\t\t\t\tdata-frame_0=\"y:100%;\"\n\t\t\t\t\t\t\t\tdata-frame_0_mask=\"u:t;y:50%;\"\n\t\t\t\t\t\t\t\tdata-frame_1=\"e:power2.out;st:1400;sp:800;sR:1400;\"\n\t\t\t\t\t\t\t\tdata-frame_1_mask=\"u:t;\"\n\t\t\t\t\t\t\t\tdata-frame_999=\"y:-100%;e:nothing;st:w;sp:600;sR:2300;\"\n\t\t\t\t\t\t\t\tdata-frame_999_mask=\"u:t;\"\n\t\t\t\t\t\t\t\tstyle=\"z-index:11;font-family:'Roboto';\"\n\t\t\t\t\t\t\t><a itemprop=\"url\" href=\"#\" target=\"_self\" style=\"color: #333333;background-color: #ffffff;border-color: #ffffff;font-size: 12px;padding: 16px 31px\" class=\"edgtf-btn edgtf-btn-medium edgtf-btn-solid edgtf-btn-custom-hover-bg edgtf-btn-custom-border-hover\" data-hover-bg-color=\"#181818\" data-hover-border-color=\"#181818\" >\n    <span class=\"edgtf-btn-text\">Lue lis\u00e4\u00e4<\/span>\n    <\/a> \n\t\t\t\t\t\t\t<\/rs-layer><!--\n\n\t\t\t\t\t\t\t--><rs-layer\n\t\t\t\t\t\t\t\tid=\"slider-11-slide-30-layer-4\" \n\t\t\t\t\t\t\t\tdata-type=\"image\"\n\t\t\t\t\t\t\t\tdata-rsp_ch=\"on\"\n\t\t\t\t\t\t\t\tdata-xy=\"xo:50px,42px,32px,-18px;yo:50px,42px,32px,-10px;\"\n\t\t\t\t\t\t\t\tdata-text=\"w:normal;s:20,16,12,6;l:0,21,16,9;\"\n\t\t\t\t\t\t\t\tdata-dim=\"w:300px,253px,195px,504px;h:180px,152px,117px,756px;\"\n\t\t\t\t\t\t\t\tdata-vbility=\"f,f,f,t\"\n\t\t\t\t\t\t\t\tdata-frame_999=\"o:0;st:w;\"\n\t\t\t\t\t\t\t\tstyle=\"z-index:8;\"\n\t\t\t\t\t\t\t><img decoding=\"async\" src=\"\/\/www.presson.fi\/wp-content\/plugins\/revslider\/public\/assets\/assets\/dummy.png\" alt=\"\" class=\"tp-rs-img rs-lazyload\" width=\"1707\" height=\"2560\" data-lazyload=\"\/\/www.presson.fi\/wp-content\/uploads\/2023\/10\/Geneleg_Bronda-scaled.jpg\" data-no-retina> \n\t\t\t\t\t\t\t<\/rs-layer><!--\n-->\t\t\t\t\t\t<\/rs-slide>\n\t\t\t\t\t\t<rs-slide style=\"position: absolute;\" data-key=\"rs-31\" data-title=\"Slide\" data-thumb=\"\/\/www.presson.fi\/wp-content\/uploads\/2021\/09\/IMG_7440_2-100x50.jpg\" data-anim=\"ms:800;r:0;\" data-in=\"o:0;\" data-out=\"a:false;\">\n\t\t\t\t\t\t\t<img decoding=\"async\" src=\"\/\/www.presson.fi\/wp-content\/plugins\/revslider\/public\/assets\/assets\/dummy.png\" alt=\"\" title=\"IMG_7440_2\" width=\"1920\" height=\"1082\" class=\"rev-slidebg tp-rs-img rs-lazyload\" data-lazyload=\"\/\/www.presson.fi\/wp-content\/uploads\/2021\/09\/IMG_7440_2.jpg\" data-bg=\"p:center bottom;\" data-parallax=\"15\" data-panzoom=\"d:7000;e:sine.in;ss:100;se:110;\" data-no-retina>\n<!--\n\t\t\t\t\t\t\t--><rs-layer\n\t\t\t\t\t\t\t\tid=\"slider-11-slide-31-layer-5\" \n\t\t\t\t\t\t\t\tdata-type=\"image\"\n\t\t\t\t\t\t\t\tdata-rsp_ch=\"on\"\n\t\t\t\t\t\t\t\tdata-xy=\"xo:50px,42px,32px,-279px;yo:50px,42px,32px,1px;\"\n\t\t\t\t\t\t\t\tdata-text=\"w:normal;s:20,16,12,6;l:0,21,16,9;\"\n\t\t\t\t\t\t\t\tdata-dim=\"w:300px,253px,195px,1081px;h:180px,152px,117px,721px;\"\n\t\t\t\t\t\t\t\tdata-vbility=\"f,f,f,t\"\n\t\t\t\t\t\t\t\tdata-frame_999=\"o:0;st:w;\"\n\t\t\t\t\t\t\t\tstyle=\"z-index:5;\"\n\t\t\t\t\t\t\t><img decoding=\"async\" src=\"\/\/www.presson.fi\/wp-content\/plugins\/revslider\/public\/assets\/assets\/dummy.png\" alt=\"\" class=\"tp-rs-img rs-lazyload\" width=\"2560\" height=\"1707\" data-lazyload=\"\/\/www.presson.fi\/wp-content\/uploads\/2023\/09\/IMG_7354-scaled.jpg\" data-no-retina> \n\t\t\t\t\t\t\t<\/rs-layer><!--\n-->\t\t\t\t\t\t<\/rs-slide>\n\t\t\t\t\t<\/rs-slides>\n\t\t\t\t<\/rs-module>\n\t\t\t\t<script>\n\t\t\t\t\tsetREVStartSize({c: 'rev_slider_11_1',rl:[1240,1024,778,480],el:[498,568,350,720],gw:[1300,1100,850,480],gh:[498,568,350,720],type:'standard',justify:'',layout:'fullwidth',mh:\"0\"});if (window.RS_MODULES!==undefined && window.RS_MODULES.modules!==undefined && window.RS_MODULES.modules[\"revslider111\"]!==undefined) {window.RS_MODULES.modules[\"revslider111\"].once = false;window.revapi11 = undefined;if (window.RS_MODULES.checkMinimal!==undefined) window.RS_MODULES.checkMinimal()}\n\t\t\t\t<\/script>\n\t\t\t<\/rs-module-wrap>\n\t\t\t<!-- END REVOLUTION SLIDER -->\n[vc_empty_space][\/vc_column][\/vc_row][vc_row equal_height=&#8221;yes&#8221;][vc_column css=&#8221;.vc_custom_1491314481234{padding-right: 0px !important;padding-left: 0px !important;}&#8221; offset=&#8221;vc_col-lg-6 vc_col-md-12&#8243;]<div class=\"edgtf-ss-holder edgtf-ss-image-right edgtf-ss-break-480\">\n\t<div class=\"edgtf-ss-image\" style=\"background-image: url(https:\/\/www.presson.fi\/wp-content\/uploads\/2023\/03\/2023_Podium.png)\">\n\t\t<img loading=\"lazy\" decoding=\"async\" width=\"1600\" height=\"1600\" src=\"https:\/\/www.presson.fi\/wp-content\/uploads\/2023\/03\/2023_Podium.png\" class=\"attachment-full size-full\" alt=\"\" srcset=\"https:\/\/www.presson.fi\/wp-content\/uploads\/2023\/03\/2023_Podium.png 1600w, https:\/\/www.presson.fi\/wp-content\/uploads\/2023\/03\/2023_Podium-300x300.png 300w, https:\/\/www.presson.fi\/wp-content\/uploads\/2023\/03\/2023_Podium-100x100.png 100w, https:\/\/www.presson.fi\/wp-content\/uploads\/2023\/03\/2023_Podium-600x600.png 600w, https:\/\/www.presson.fi\/wp-content\/uploads\/2023\/03\/2023_Podium-1024x1024.png 1024w, https:\/\/www.presson.fi\/wp-content\/uploads\/2023\/03\/2023_Podium-150x150.png 150w, https:\/\/www.presson.fi\/wp-content\/uploads\/2023\/03\/2023_Podium-768x768.png 768w, https:\/\/www.presson.fi\/wp-content\/uploads\/2023\/03\/2023_Podium-1536x1536.png 1536w, https:\/\/www.presson.fi\/wp-content\/uploads\/2023\/03\/2023_Podium-550x550.png 550w, https:\/\/www.presson.fi\/wp-content\/uploads\/2023\/03\/2023_Podium-1100x1100.png 1100w\" sizes=\"auto, (max-width: 1600px) 100vw, 1600px\" \/>\t<\/div>\n\t<div class=\"edgtf-ss-content\" >\n\t\t\t\t\t<h4 class=\"edgtf-ss-title\" >Esityskalusteet<\/h4>\n\t\t\t\t\t\t\t<p class=\"edgtf-ss-text\" style=\"margin-top: 20px;margin-bottom: 10px\">Presson esityskalusteet helpottavat tilan k\u00e4ytett\u00e4vyytt\u00e4, niiden ansiosta tila pysyy siistin\u00e4 ja tilan k\u00e4ytt\u00f6aste paranee.<\/p>\n\t\t\t\t\t\t\t<a itemprop=\"url\" href=\"https:\/\/www.presson.fi\/index.php\/kalusteet\/esityskalusteet\/\" target=\"_self\" style=\"color: #ffffff;background-color: #333333;border-color: #333333\" class=\"edgtf-btn edgtf-btn-medium edgtf-btn-solid edgtf-ss-link\"  >    <span class=\"edgtf-btn-text\">Lue lis\u00e4\u00e4<\/span>    <\/a>\t\t\t<\/div>\n<\/div><div class=\"edgtf-ss-holder edgtf-ss-image-left edgtf-ss-break-480\">\n\t<div class=\"edgtf-ss-image\" style=\"background-image: url(https:\/\/www.presson.fi\/wp-content\/uploads\/2023\/03\/2023_AV-kalusteet_1.png)\">\n\t\t<img loading=\"lazy\" decoding=\"async\" width=\"1600\" height=\"1600\" src=\"https:\/\/www.presson.fi\/wp-content\/uploads\/2023\/03\/2023_AV-kalusteet_1.png\" class=\"attachment-full size-full\" alt=\"\" srcset=\"https:\/\/www.presson.fi\/wp-content\/uploads\/2023\/03\/2023_AV-kalusteet_1.png 1600w, https:\/\/www.presson.fi\/wp-content\/uploads\/2023\/03\/2023_AV-kalusteet_1-300x300.png 300w, https:\/\/www.presson.fi\/wp-content\/uploads\/2023\/03\/2023_AV-kalusteet_1-100x100.png 100w, https:\/\/www.presson.fi\/wp-content\/uploads\/2023\/03\/2023_AV-kalusteet_1-600x600.png 600w, https:\/\/www.presson.fi\/wp-content\/uploads\/2023\/03\/2023_AV-kalusteet_1-1024x1024.png 1024w, https:\/\/www.presson.fi\/wp-content\/uploads\/2023\/03\/2023_AV-kalusteet_1-150x150.png 150w, https:\/\/www.presson.fi\/wp-content\/uploads\/2023\/03\/2023_AV-kalusteet_1-768x768.png 768w, https:\/\/www.presson.fi\/wp-content\/uploads\/2023\/03\/2023_AV-kalusteet_1-1536x1536.png 1536w, https:\/\/www.presson.fi\/wp-content\/uploads\/2023\/03\/2023_AV-kalusteet_1-550x550.png 550w, https:\/\/www.presson.fi\/wp-content\/uploads\/2023\/03\/2023_AV-kalusteet_1-1100x1100.png 1100w\" sizes=\"auto, (max-width: 1600px) 100vw, 1600px\" \/>\t<\/div>\n\t<div class=\"edgtf-ss-content\" >\n\t\t\t\t\t<h4 class=\"edgtf-ss-title\" >AV-kalusteet<\/h4>\n\t\t\t\t\t\t\t<p class=\"edgtf-ss-text\" style=\"margin-top: 20px;margin-bottom: 10px\">Presson laitekaapit AV-laitteille, mikrofoneille, kaiuttimille.<\/p>\n\t\t\t\t\t\t\t<a itemprop=\"url\" href=\"https:\/\/www.presson.fi\/index.php\/kalusteet\/av-kalusteet\/\" target=\"_self\" style=\"color: #ffffff;background-color: #333333;border-color: #333333\" class=\"edgtf-btn edgtf-btn-medium edgtf-btn-solid edgtf-ss-link\"  >    <span class=\"edgtf-btn-text\">LUE LIS\u00c4\u00c4<\/span>    <\/a>\t\t\t<\/div>\n<\/div>[\/vc_column][vc_column css=&#8221;.vc_custom_1491314481234{padding-right: 0px !important;padding-left: 0px !important;}&#8221; offset=&#8221;vc_col-lg-6 vc_col-md-12&#8243;]<div class=\"edgtf-ss-holder edgtf-ss-image-right edgtf-ss-break-480\">\n\t<div class=\"edgtf-ss-image\" style=\"background-image: url(https:\/\/www.presson.fi\/wp-content\/uploads\/2023\/03\/2023_Nayttokalusteet2.png)\">\n\t\t<img loading=\"lazy\" decoding=\"async\" width=\"1600\" height=\"1600\" src=\"https:\/\/www.presson.fi\/wp-content\/uploads\/2023\/03\/2023_Nayttokalusteet2.png\" class=\"attachment-full size-full\" alt=\"\" srcset=\"https:\/\/www.presson.fi\/wp-content\/uploads\/2023\/03\/2023_Nayttokalusteet2.png 1600w, https:\/\/www.presson.fi\/wp-content\/uploads\/2023\/03\/2023_Nayttokalusteet2-300x300.png 300w, https:\/\/www.presson.fi\/wp-content\/uploads\/2023\/03\/2023_Nayttokalusteet2-100x100.png 100w, https:\/\/www.presson.fi\/wp-content\/uploads\/2023\/03\/2023_Nayttokalusteet2-600x600.png 600w, https:\/\/www.presson.fi\/wp-content\/uploads\/2023\/03\/2023_Nayttokalusteet2-1024x1024.png 1024w, https:\/\/www.presson.fi\/wp-content\/uploads\/2023\/03\/2023_Nayttokalusteet2-150x150.png 150w, https:\/\/www.presson.fi\/wp-content\/uploads\/2023\/03\/2023_Nayttokalusteet2-768x768.png 768w, https:\/\/www.presson.fi\/wp-content\/uploads\/2023\/03\/2023_Nayttokalusteet2-1536x1536.png 1536w, https:\/\/www.presson.fi\/wp-content\/uploads\/2023\/03\/2023_Nayttokalusteet2-550x550.png 550w, https:\/\/www.presson.fi\/wp-content\/uploads\/2023\/03\/2023_Nayttokalusteet2-1100x1100.png 1100w\" sizes=\"auto, (max-width: 1600px) 100vw, 1600px\" \/>\t<\/div>\n\t<div class=\"edgtf-ss-content\" >\n\t\t\t\t\t<h4 class=\"edgtf-ss-title\" >N\u00c4YTT\u00d6KALUSTEET<\/h4>\n\t\t\t\t\t\t\t<p class=\"edgtf-ss-text\" style=\"margin-top: 20px;margin-bottom: 10px\">Presson n\u00e4ytt\u00f6kalusteet viimeistelev\u00e4t tekniikan asennukset. N\u00e4ytt\u00f6kalusteita kiinte\u00e4sti tai liikuteltavina aina 98`` n\u00e4yt\u00f6ille asti.<\/p>\n\t\t\t\t\t\t\t<a itemprop=\"url\" href=\"https:\/\/www.presson.fi\/index.php\/kalusteet\/nayttokalusteet\/\" target=\"_self\" style=\"color: #ffffff;background-color: #333333;border-color: #333333\" class=\"edgtf-btn edgtf-btn-medium edgtf-btn-solid edgtf-ss-link\"  >    <span class=\"edgtf-btn-text\">LUE LIS\u00c4\u00c4<\/span>    <\/a>\t\t\t<\/div>\n<\/div><div class=\"edgtf-ss-holder edgtf-ss-image-left edgtf-ss-break-480\">\n\t<div class=\"edgtf-ss-image\" style=\"background-image: url(https:\/\/www.presson.fi\/wp-content\/uploads\/2023\/03\/2023_Customkalusteet_Meemi.png)\">\n\t\t<img loading=\"lazy\" decoding=\"async\" width=\"1600\" height=\"1600\" src=\"https:\/\/www.presson.fi\/wp-content\/uploads\/2023\/03\/2023_Customkalusteet_Meemi.png\" class=\"attachment-full size-full\" alt=\"\" srcset=\"https:\/\/www.presson.fi\/wp-content\/uploads\/2023\/03\/2023_Customkalusteet_Meemi.png 1600w, https:\/\/www.presson.fi\/wp-content\/uploads\/2023\/03\/2023_Customkalusteet_Meemi-300x300.png 300w, https:\/\/www.presson.fi\/wp-content\/uploads\/2023\/03\/2023_Customkalusteet_Meemi-100x100.png 100w, https:\/\/www.presson.fi\/wp-content\/uploads\/2023\/03\/2023_Customkalusteet_Meemi-600x600.png 600w, https:\/\/www.presson.fi\/wp-content\/uploads\/2023\/03\/2023_Customkalusteet_Meemi-1024x1024.png 1024w, https:\/\/www.presson.fi\/wp-content\/uploads\/2023\/03\/2023_Customkalusteet_Meemi-150x150.png 150w, https:\/\/www.presson.fi\/wp-content\/uploads\/2023\/03\/2023_Customkalusteet_Meemi-768x768.png 768w, https:\/\/www.presson.fi\/wp-content\/uploads\/2023\/03\/2023_Customkalusteet_Meemi-1536x1536.png 1536w, https:\/\/www.presson.fi\/wp-content\/uploads\/2023\/03\/2023_Customkalusteet_Meemi-550x550.png 550w, https:\/\/www.presson.fi\/wp-content\/uploads\/2023\/03\/2023_Customkalusteet_Meemi-1100x1100.png 1100w\" sizes=\"auto, (max-width: 1600px) 100vw, 1600px\" \/>\t<\/div>\n\t<div class=\"edgtf-ss-content\" >\n\t\t\t\t\t<h4 class=\"edgtf-ss-title\" >Custom<\/h4>\n\t\t\t\t\t\t\t<p class=\"edgtf-ss-text\" style=\"margin-top: 20px;margin-bottom: 10px\">Presson kalusteita r\u00e4\u00e4t\u00e4l\u00f6ityn\u00e4 asiakkaan toiveiden mukaan.<\/p>\n\t\t\t\t\t\t\t<a itemprop=\"url\" href=\"https:\/\/www.presson.fi\/index.php\/kalusteet\/custom\/\" target=\"_self\" style=\"color: #ffffff;background-color: #333333;border-color: #333333\" class=\"edgtf-btn edgtf-btn-medium edgtf-btn-solid edgtf-ss-link\"  >    <span class=\"edgtf-btn-text\">LUE LIS\u00c4\u00c4<\/span>    <\/a>\t\t\t<\/div>\n<\/div>[\/vc_column][\/vc_row][vc_row][vc_column][vc_empty_space][\/vc_column][\/vc_row][vc_row][vc_column]<div class=\"edgtf-portfolio-list-holder edgtf-pl-gallery edgtf-pl-big-space edgtf-pl-four-columns edgtf-pl-gallery-slide-from-image-bottom edgtf-skin-light    edgtf-pl-pag-no-pagination edgtf-pl-has-filter    \"  data-type=gallery data-item-type=gallery data-number-of-columns=4 data-space-between-items=big data-number-of-items=8 data-image-proportions=full data-enable-fixed-proportions=no data-enable-image-shadow=no data-category=modern data-order-by=date data-order=DESC data-item-style=gallery-slide-from-image-bottom data-overlay-skin=light data-enable-title=yes data-title-tag=h6 data-title-text-transform=uppercase data-enable-category=yes data-enable-count-images=yes data-enable-excerpt=no data-excerpt-length=20 data-pagination-type=no-pagination data-filter=yes data-filter-order-by=name data-filter-text-transform=uppercase data-filter-bottom-margin=40 data-enable-article-animation=no data-portfolio-slider-on=no data-enable-loop=yes data-enable-autoplay=yes data-slider-speed=5000 data-slider-speed-animation=600 data-enable-navigation=yes data-enable-pagination=yes data-max-num-pages=0 data-next-page=2>\n\t\t<div class=\"edgtf-pl-filter-holder\" style=\"margin-bottom: 40px\">\n\t\t<div class=\"edgtf-plf-inner\">\n\t\t\t\t\t<\/div>\n\t<\/div>\n\t\n\t<div class=\"edgtf-pl-inner  clearfix\">\n\t\t<p class=\"edgtf-pl-not-found\">Sorry, no posts matched your criteria.<\/p>\t<\/div>\n\t\n\t<\/div>[\/vc_column][\/vc_row][vc_row][vc_column][vc_empty_space][\/vc_column][\/vc_row][vc_row][vc_column][\/vc_column][\/vc_row][vc_row][vc_column][\/vc_column][\/vc_row]<\/p>\n<\/div>","protected":false},"excerpt":{"rendered":"<p>[vc_row][vc_column][vc_empty_space][\/vc_column][\/vc_row][vc_row equal_height=&#8221;yes&#8221;][vc_column css=&#8221;.vc_custom_1491314481234{padding-right: 0px !important;padding-left: 0px !important;}&#8221; offset=&#8221;vc_col-lg-6 vc_col-md-12&#8243;][\/vc_column][vc_column css=&#8221;.vc_custom_1491314481234{padding-right: 0px !important;padding-left: 0px !important;}&#8221; offset=&#8221;vc_col-lg-6 vc_col-md-12&#8243;][\/vc_column][\/vc_row][vc_row][vc_column][vc_empty_space][\/vc_column][\/vc_row][vc_row][vc_column][\/vc_column][\/vc_row][vc_row][vc_column][vc_empty_space][\/vc_column][\/vc_row][vc_row][vc_column][\/vc_column][\/vc_row][vc_row][vc_column][\/vc_column][\/vc_row]<\/p>\n","protected":false},"author":2,"featured_media":0,"parent":0,"menu_order":0,"comment_status":"closed","ping_status":"closed","template":"full-width.php","meta":{"footnotes":""},"class_list":["post-10970","page","type-page","status-publish","hentry"],"_links":{"self":[{"href":"https:\/\/www.presson.fi\/index.php\/wp-json\/wp\/v2\/pages\/10970","targetHints":{"allow":["GET"]}}],"collection":[{"href":"https:\/\/www.presson.fi\/index.php\/wp-json\/wp\/v2\/pages"}],"about":[{"href":"https:\/\/www.presson.fi\/index.php\/wp-json\/wp\/v2\/types\/page"}],"author":[{"embeddable":true,"href":"https:\/\/www.presson.fi\/index.php\/wp-json\/wp\/v2\/users\/2"}],"replies":[{"embeddable":true,"href":"https:\/\/www.presson.fi\/index.php\/wp-json\/wp\/v2\/comments?post=10970"}],"version-history":[{"count":4,"href":"https:\/\/www.presson.fi\/index.php\/wp-json\/wp\/v2\/pages\/10970\/revisions"}],"predecessor-version":[{"id":12998,"href":"https:\/\/www.presson.fi\/index.php\/wp-json\/wp\/v2\/pages\/10970\/revisions\/12998"}],"wp:attachment":[{"href":"https:\/\/www.presson.fi\/index.php\/wp-json\/wp\/v2\/media?parent=10970"}],"curies":[{"name":"wp","href":"https:\/\/api.w.org\/{rel}","templated":true}]}}