{"id":11594,"date":"2023-09-27T10:48:53","date_gmt":"2023-09-27T10:48:53","guid":{"rendered":"https:\/\/www.presson.fi\/?page_id=11594"},"modified":"2025-05-30T11:35:00","modified_gmt":"2025-05-30T11:35:00","slug":"kiertotalous","status":"publish","type":"page","link":"https:\/\/www.presson.fi\/index.php\/ratkaisut\/kiertotalous\/","title":{"rendered":"Kiertotalous"},"content":{"rendered":"<div class=\"wpb-content-wrapper\"><p>[vc_row disable_element=&#8221;yes&#8221; css=&#8221;.vc_custom_1694775371943{padding-right: 58px !important;padding-left: 58px !important;}&#8221;][vc_column]<div class=\"edgtf-portfolio-slider-holder edgtf-pl-custom-594917  edgtf-skin-light\"><div class=\"edgtf-portfolio-list-holder edgtf-pl-gallery edgtf-pl-no-space edgtf-pl-three-columns edgtf-pl-gallery-lightbox-with-overlay edgtf-skin-light    edgtf-pl-pag-no-pagination     edgtf-pag-below-slider\"  data-type=gallery data-number-of-columns=3 data-space-between-items=no data-number-of-items=5 data-image-proportions=full data-enable-fixed-proportions=no data-enable-image-shadow=no data-category=photography data-order-by=date data-order=DESC data-item-style=gallery-lightbox-with-overlay data-overlay-skin=light data-enable-title=yes data-title-tag=h4 data-enable-category=yes data-enable-count-images=yes data-enable-excerpt=no data-excerpt-length=20 data-pagination-type=no-pagination data-filter=no data-filter-order-by=name data-enable-article-animation=no data-portfolio-slider-on=yes data-enable-loop=yes data-enable-autoplay=yes data-slider-speed=5000 data-slider-speed-animation=600 data-enable-navigation=yes data-enable-pagination=no data-pagination-position=below-slider data-custom-class=edgtf-pl-custom-594917 data-max-num-pages=0 data-next-page=2>\n\t\t\n\t<div class=\"edgtf-pl-inner edgtf-owl-slider edgtf-pl-is-slider clearfix\">\n\t\t<p class=\"edgtf-pl-not-found\">Sorry, no posts matched your criteria.<\/p>\t<\/div>\n\t\n\t<\/div><\/div>[\/vc_column][\/vc_row][vc_row css=&#8221;.vc_custom_1742469791473{padding-right: 73px !important;padding-bottom: 20px !important;padding-left: 73px !important;}&#8221;][vc_column css=&#8221;.vc_custom_1491224181315{padding-right: 0px !important;padding-left: 0px !important;}&#8221; offset=&#8221;vc_col-lg-3 vc_col-md-6&#8243;]<div class=\"edgtf-single-image-holder   edgtf-image-behavior-grayscale\">\n    <div class=\"edgtf-si-inner\">\n                                    <img loading=\"lazy\" decoding=\"async\" src=\"https:\/\/www.presson.fi\/wp-content\/uploads\/2022\/12\/Tuotekuva_malli_800x502_2-450x450.png\" alt=\"\" width=\"450\" height=\"450\" \/>                                <\/div>\n<\/div>[\/vc_column][vc_column css=&#8221;.vc_custom_1491224192259{padding-right: 0px !important;padding-left: 0px !important;}&#8221; offset=&#8221;vc_col-lg-3 vc_col-md-6&#8243;]<div class=\"edgtf-single-image-holder   edgtf-image-behavior-grayscale\">\n    <div class=\"edgtf-si-inner\">\n                                    <img loading=\"lazy\" decoding=\"async\" src=\"https:\/\/www.presson.fi\/wp-content\/uploads\/2024\/11\/IMG_0459-450x450.jpeg\" alt=\"Presson Oy Interface Slim - Esityskaluste viimeistely valkoinen\" width=\"450\" height=\"450\" \/>                                <\/div>\n<\/div>[\/vc_column][vc_column css=&#8221;.vc_custom_1491224202091{padding-right: 0px !important;padding-left: 0px !important;}&#8221; offset=&#8221;vc_col-lg-3 vc_col-md-6&#8243;]<div class=\"edgtf-single-image-holder   edgtf-image-behavior-grayscale\">\n    <div class=\"edgtf-si-inner\">\n                                    <img loading=\"lazy\" decoding=\"async\" src=\"https:\/\/www.presson.fi\/wp-content\/uploads\/2024\/11\/IMG_6895-450x450.jpeg\" alt=\"Presson Oy Cabin S2000-S2400 - N\u00e4ytt\u00f6kaluste musta viimeistely\" width=\"450\" height=\"450\" \/>                                <\/div>\n<\/div>[\/vc_column][vc_column css=&#8221;.vc_custom_1491224172187{padding-right: 0px !important;padding-left: 0px !important;}&#8221; offset=&#8221;vc_col-lg-3 vc_col-md-6&#8243;]<div class=\"edgtf-single-image-holder   edgtf-image-behavior-grayscale\">\n    <div class=\"edgtf-si-inner\">\n                                    <img loading=\"lazy\" decoding=\"async\" src=\"https:\/\/www.presson.fi\/wp-content\/uploads\/2024\/11\/Presson_Cabin-450x450.jpeg\" alt=\"Presson Oy Cabin - N\u00e4ytt\u00f6kaluste musta viimeistely\" width=\"450\" height=\"450\" \/>                                <\/div>\n<\/div>[\/vc_column][\/vc_row][vc_row row_content_width=&#8221;grid&#8221; css=&#8221;.vc_custom_1748604778472{padding-top: 40px !important;padding-bottom: 20px !important;}&#8221; simple_background_color=&#8221;#f5f5f5&#8243;][vc_column]<div class=\"edgtf-section-title-holder edgtf-st-standard edgtf-st-title-left edgtf-st-normal-space \" style=\"padding: 0 15%;text-align: center\">\n\t<div class=\"edgtf-st-inner\">\n\t\t\t\t\t<h5 class=\"edgtf-st-title\" >\n\t\t\t\tPresson kiertotalous\t\t\t<\/h5>\n\t\t\t\t\t<\/div>\n<\/div>[\/vc_column][\/vc_row][vc_row row_content_width=&#8221;grid&#8221; simple_background_color=&#8221;#F5F5F5&#8243; css=&#8221;.vc_custom_1748604537134{padding-bottom: 40px !important;}&#8221;][vc_column][vc_column_text css=&#8221;.vc_custom_1748604812391{padding-right: 200px !important;padding-left: 200px !important;}&#8221;]<\/p>\n<p style=\"text-align: center;\">Presson Oy on sitoutunut kest\u00e4v\u00e4n kehityksen periaatteeseen, jossa huomioidaan ymp\u00e4rist\u00f6, talous ja ihmisten sosiaalinen hyvinvointi. Pressonin kaikki tuotteet ovat pitk\u00e4ik\u00e4isi\u00e4, p\u00e4ivitett\u00e4viss\u00e4 ja sit\u00e4 my\u00f6den uudelleen k\u00e4ytett\u00e4viss\u00e4 ja pitk\u00e4n k\u00e4yt\u00f6n j\u00e4lkeen kierr\u00e4tett\u00e4viss\u00e4. Meill\u00e4 uudelleen k\u00e4ytet\u00e4\u00e4n niin kalusteita kuin AV-laitteitakin.<\/p>\n<p>[\/vc_column_text][\/vc_column][\/vc_row][vc_row row_content_width=&#8221;grid&#8221; css=&#8221;.vc_custom_1742469233144{padding-bottom: 40px !important;}&#8221; simple_background_color=&#8221;#f5f5f5&#8243;][vc_column width=&#8221;1\/2&#8243;][vc_column_text css=&#8221;.vc_custom_1706266706613{padding-right: 200px !important;padding-left: 200px !important;}&#8221;]<\/p>\n<h6 style=\"text-align: center;\"><b>VANHASTA UUTTA <\/b><\/h6>\n<p>[\/vc_column_text][vc_empty_space height=&#8221;8px&#8221;]<div class=\"edgtf-icon-list-holder\" >\n\t<div class=\"edgtf-il-icon-holder\">\n\t\t<i class=\"edgtf-icon-font-awesome fa fa-check \" style=\"font-size: 12px\"><\/i>\t<\/div>\n\t<p class=\"edgtf-il-text\" style=\"padding-left: 21px\">Uudelleen jalostamme asiakkaan olemassa olevat kokous- ja neuvottelup\u00f6yd\u00e4t TAI muilta asiakkailta palautuneita p\u00f6yti\u00e4<\/p>\n<\/div><div class=\"edgtf-icon-list-holder\" >\n\t<div class=\"edgtf-il-icon-holder\">\n\t\t<i class=\"edgtf-icon-font-awesome fa fa-check \" style=\"font-size: 12px\"><\/i>\t<\/div>\n\t<p class=\"edgtf-il-text\" style=\"padding-left: 21px\">P\u00f6yt\u00e4levyt hiotaan tai vanhat pinnat poistetaan, ne viilutetaan tai laminoidaan uudelleen sek\u00e4 reunanauhoitetaan.<\/p>\n<\/div><div class=\"edgtf-icon-list-holder\" >\n\t<div class=\"edgtf-il-icon-holder\">\n\t\t<i class=\"edgtf-icon-font-awesome fa fa-check \" style=\"font-size: 12px\"><\/i>\t<\/div>\n\t<p class=\"edgtf-il-text\" style=\"padding-left: 21px\">P\u00f6yd\u00e4n jalat voidaan uudelleen k\u00e4ytt\u00e4\u00e4, maalauttaa tai toimittaa metallikierr\u00e4tykseen ja valita esim. uusiutuvasta materiaalista valmistettu tyylik\u00e4s jalkarakenne<\/p>\n<\/div><div class=\"edgtf-icon-list-holder\" >\n\t<div class=\"edgtf-il-icon-holder\">\n\t\t<i class=\"edgtf-icon-font-awesome fa fa-check \" style=\"font-size: 12px\"><\/i>\t<\/div>\n\t<p class=\"edgtf-il-text\" style=\"padding-left: 21px\">Edell\u00e4 mainitulla tavalla s\u00e4\u00e4st\u00e4mme merkitt\u00e4v\u00e4sti puumateriaalia hy\u00f6dynt\u00e4m\u00e4ll\u00e4 vanhat p\u00f6yt\u00e4levyt (lastulevy tai mdf-levy) ja vain uudelleen k\u00e4sittelem\u00e4ll\u00e4 n\u00e4m\u00e4.<\/p>\n<\/div><div class=\"edgtf-icon-list-holder\" >\n\t<div class=\"edgtf-il-icon-holder\">\n\t\t<i class=\"edgtf-icon-font-awesome fa fa-check \" style=\"font-size: 12px\"><\/i>\t<\/div>\n\t<p class=\"edgtf-il-text\" style=\"padding-left: 21px\">P\u00f6yd\u00e4t saadaan muutettua tarvittaessa pienemm\u00e4ksi, paikattua vanhat aukotukset p\u00f6ydist\u00e4 ja viimeistely\u00e4 voidaan modernisoida.<\/p>\n<\/div><div class=\"edgtf-icon-list-holder\" >\n\t<div class=\"edgtf-il-icon-holder\">\n\t\t<i class=\"edgtf-icon-font-awesome fa fa-check \" style=\"font-size: 12px\"><\/i>\t<\/div>\n\t<p class=\"edgtf-il-text\" style=\"padding-left: 21px\">T\u00e4m\u00e4 tukee suomalaista ty\u00f6t\u00e4 sek\u00e4 vastuullista toimintaa<\/p>\n<\/div>[\/vc_column][vc_column width=&#8221;1\/2&#8243;][vc_column_text css=&#8221;.vc_custom_1706266712794{padding-right: 200px !important;padding-left: 200px !important;}&#8221;]<\/p>\n<h6 style=\"text-align: center;\"><b>AV-LAITTEET<\/b><\/h6>\n<p>[\/vc_column_text][vc_empty_space height=&#8221;8px&#8221;]<div class=\"edgtf-icon-list-holder\" >\n\t<div class=\"edgtf-il-icon-holder\">\n\t\t<i class=\"edgtf-icon-font-awesome fa fa-check \" style=\"font-size: 12px\"><\/i>\t<\/div>\n\t<p class=\"edgtf-il-text\" style=\"padding-left: 21px\">Olemme hy\u00f6dynt\u00e4neet vallitsevan komponenttipulan aikana asiakkailta purettujen tai palautuneiden laitteiden uudelleen k\u00e4ytt\u00f6\u00e4.<\/p>\n<\/div><div class=\"edgtf-icon-list-holder\" >\n\t<div class=\"edgtf-il-icon-holder\">\n\t\t<i class=\"edgtf-icon-font-awesome fa fa-check \" style=\"font-size: 12px\"><\/i>\t<\/div>\n\t<p class=\"edgtf-il-text\" style=\"padding-left: 21px\">Laitteet ovat Pressonin hyv\u00e4ksymi\u00e4 merkkej\u00e4 \/ malleja, joiden laatu on sellainen, ett\u00e4 niit\u00e4 voidaan p\u00e4ivitt\u00e4m\u00e4ll\u00e4 k\u00e4ytt\u00e4\u00e4 viel\u00e4 uudelleen<\/p>\n<\/div><div class=\"edgtf-icon-list-holder\" >\n\t<div class=\"edgtf-il-icon-holder\">\n\t\t<i class=\"edgtf-icon-font-awesome fa fa-check \" style=\"font-size: 12px\"><\/i>\t<\/div>\n\t<p class=\"edgtf-il-text\" style=\"padding-left: 21px\">Laitteiden firmwaret p\u00e4ivitet\u00e4\u00e4n, virtal\u00e4hteet uusitaan sek\u00e4 laitteet konfiguroidaan asiakkaan neuvottelutilojen mukaan. Laitteille annetaan palveluna tehdyss\u00e4 kaupank\u00e4ynniss\u00e4 t\u00e4ydet takuut ja vastaamme niiden toimivuudesta<\/p>\n<\/div>[\/vc_column][\/vc_row][vc_row disable_element=&#8221;yes&#8221; row_content_width=&#8221;grid&#8221; css=&#8221;.vc_custom_1694775910923{padding-top: 100px !important;padding-bottom: 38px !important;}&#8221;][vc_column offset=&#8221;vc_col-lg-4 vc_col-md-4&#8243;][vc_column_text css=&#8221;.vc_custom_1491227265999{padding-right: 26% !important;}&#8221;]<\/p>\n<h4>IMAGE GALLERIES AND INTERACTIVE FEATURES.<\/h4>\n<p>[\/vc_column_text][vc_empty_space height=&#8221;50px&#8221;][\/vc_column][vc_column offset=&#8221;vc_col-lg-4 vc_col-md-4&#8243;]<div class=\"edgtf-icon-list-holder\" >\n\t<div class=\"edgtf-il-icon-holder\">\n\t\t<i class=\"edgtf-icon-font-awesome fa fa-check \" style=\"font-size: 12px\"><\/i>\t<\/div>\n\t<p class=\"edgtf-il-text\" style=\"padding-left: 21px\">Adipiscing elit, sed do eiusmod tempor<\/p>\n<\/div><div class=\"edgtf-icon-list-holder\" >\n\t<div class=\"edgtf-il-icon-holder\">\n\t\t<i class=\"edgtf-icon-font-awesome fa fa-check \" style=\"font-size: 12px\"><\/i>\t<\/div>\n\t<p class=\"edgtf-il-text\" style=\"padding-left: 21px\">Incididunt ut labore et dolore magna aliqua<\/p>\n<\/div><div class=\"edgtf-icon-list-holder\" >\n\t<div class=\"edgtf-il-icon-holder\">\n\t\t<i class=\"edgtf-icon-font-awesome fa fa-check \" style=\"font-size: 12px\"><\/i>\t<\/div>\n\t<p class=\"edgtf-il-text\" style=\"padding-left: 21px\">Ut enim ad minim veniam, quis<\/p>\n<\/div><div class=\"edgtf-icon-list-holder\" >\n\t<div class=\"edgtf-il-icon-holder\">\n\t\t<i class=\"edgtf-icon-font-awesome fa fa-check \" style=\"font-size: 12px\"><\/i>\t<\/div>\n\t<p class=\"edgtf-il-text\" style=\"padding-left: 21px\">Nostrud exercitation ullamco laboris nisi<\/p>\n<\/div>[vc_empty_space height=&#8221;50px&#8221;][\/vc_column][vc_column offset=&#8221;vc_col-lg-4 vc_col-md-4&#8243;]<div class=\"edgtf-icon-list-holder\" >\n\t<div class=\"edgtf-il-icon-holder\">\n\t\t<i class=\"edgtf-icon-font-awesome fa fa-check \" style=\"font-size: 12px\"><\/i>\t<\/div>\n\t<p class=\"edgtf-il-text\" style=\"padding-left: 21px\">Lorem ipsum dolor sit amet consectetur<\/p>\n<\/div><div class=\"edgtf-icon-list-holder\" >\n\t<div class=\"edgtf-il-icon-holder\">\n\t\t<i class=\"edgtf-icon-font-awesome fa fa-check \" style=\"font-size: 12px\"><\/i>\t<\/div>\n\t<p class=\"edgtf-il-text\" style=\"padding-left: 21px\">Nostrud exercitation ullamco laboris nisi<\/p>\n<\/div><div class=\"edgtf-icon-list-holder\" >\n\t<div class=\"edgtf-il-icon-holder\">\n\t\t<i class=\"edgtf-icon-font-awesome fa fa-check \" style=\"font-size: 12px\"><\/i>\t<\/div>\n\t<p class=\"edgtf-il-text\" style=\"padding-left: 21px\">Ut enim ad minim veniam, quis<\/p>\n<\/div><div class=\"edgtf-icon-list-holder\" >\n\t<div class=\"edgtf-il-icon-holder\">\n\t\t<i class=\"edgtf-icon-font-awesome fa fa-check \" style=\"font-size: 12px\"><\/i>\t<\/div>\n\t<p class=\"edgtf-il-text\" style=\"padding-left: 21px\">Adipiscing elit, sed do eiusmod tempor<\/p>\n<\/div>[vc_empty_space height=&#8221;50px&#8221;][\/vc_column][\/vc_row][vc_row row_content_width=&#8221;grid&#8221; css=&#8221;.vc_custom_1742469809319{padding-top: 20px !important;padding-bottom: 40px !important;}&#8221;][vc_column offset=&#8221;vc_col-lg-4 vc_col-md-4&#8243;]<div class=\"edgtf-single-image-holder   \">\n    <div class=\"edgtf-si-inner\">\n                                    <img loading=\"lazy\" decoding=\"async\" src=\"https:\/\/www.presson.fi\/wp-content\/uploads\/2025\/01\/IMG_7586-scaled-450x675.jpg\" alt=\"\" width=\"450\" height=\"675\" \/>                                <\/div>\n<\/div>[\/vc_column][vc_column offset=&#8221;vc_col-lg-4 vc_col-md-4&#8243;]<div class=\"edgtf-single-image-holder   \">\n    <div class=\"edgtf-si-inner\">\n                                    <img loading=\"lazy\" decoding=\"async\" src=\"https:\/\/www.presson.fi\/wp-content\/uploads\/woocommerce-placeholder-450x675.png\" alt=\"\" width=\"450\" height=\"675\" \/>                                <\/div>\n<\/div>[\/vc_column][vc_column offset=&#8221;vc_col-lg-4 vc_col-md-4&#8243;]<div class=\"edgtf-single-image-holder   \">\n    <div class=\"edgtf-si-inner\">\n                                    <img loading=\"lazy\" decoding=\"async\" src=\"https:\/\/www.presson.fi\/wp-content\/uploads\/2023\/09\/Interface.5-kopio-450x675.jpg\" alt=\"\" width=\"450\" height=\"675\" \/>                                <\/div>\n<\/div>[\/vc_column][\/vc_row]<\/p>\n<\/div>","protected":false},"excerpt":{"rendered":"<p>[vc_row disable_element=&#8221;yes&#8221; css=&#8221;.vc_custom_1694775371943{padding-right: 58px !important;padding-left: 58px !important;}&#8221;][vc_column][\/vc_column][\/vc_row][vc_row css=&#8221;.vc_custom_1742469791473{padding-right: 73px !important;padding-bottom: 20px !important;padding-left: 73px !important;}&#8221;][vc_column css=&#8221;.vc_custom_1491224181315{padding-right: 0px !important;padding-left: 0px !important;}&#8221; offset=&#8221;vc_col-lg-3 vc_col-md-6&#8243;][\/vc_column][vc_column css=&#8221;.vc_custom_1491224192259{padding-right: 0px !important;padding-left: 0px !important;}&#8221; offset=&#8221;vc_col-lg-3 vc_col-md-6&#8243;][\/vc_column][vc_column css=&#8221;.vc_custom_1491224202091{padding-right: 0px !important;padding-left: 0px !important;}&#8221; offset=&#8221;vc_col-lg-3 vc_col-md-6&#8243;][\/vc_column][vc_column css=&#8221;.vc_custom_1491224172187{padding-right: 0px !important;padding-left: 0px !important;}&#8221; [&hellip;]<\/p>\n","protected":false},"author":1,"featured_media":0,"parent":10126,"menu_order":0,"comment_status":"closed","ping_status":"closed","template":"full-width.php","meta":{"footnotes":""},"class_list":["post-11594","page","type-page","status-publish","hentry"],"_links":{"self":[{"href":"https:\/\/www.presson.fi\/index.php\/wp-json\/wp\/v2\/pages\/11594","targetHints":{"allow":["GET"]}}],"collection":[{"href":"https:\/\/www.presson.fi\/index.php\/wp-json\/wp\/v2\/pages"}],"about":[{"href":"https:\/\/www.presson.fi\/index.php\/wp-json\/wp\/v2\/types\/page"}],"author":[{"embeddable":true,"href":"https:\/\/www.presson.fi\/index.php\/wp-json\/wp\/v2\/users\/1"}],"replies":[{"embeddable":true,"href":"https:\/\/www.presson.fi\/index.php\/wp-json\/wp\/v2\/comments?post=11594"}],"version-history":[{"count":25,"href":"https:\/\/www.presson.fi\/index.php\/wp-json\/wp\/v2\/pages\/11594\/revisions"}],"predecessor-version":[{"id":13053,"href":"https:\/\/www.presson.fi\/index.php\/wp-json\/wp\/v2\/pages\/11594\/revisions\/13053"}],"up":[{"embeddable":true,"href":"https:\/\/www.presson.fi\/index.php\/wp-json\/wp\/v2\/pages\/10126"}],"wp:attachment":[{"href":"https:\/\/www.presson.fi\/index.php\/wp-json\/wp\/v2\/media?parent=11594"}],"curies":[{"name":"wp","href":"https:\/\/api.w.org\/{rel}","templated":true}]}}