{"id":12272,"date":"2024-10-11T10:40:03","date_gmt":"2024-10-11T10:40:03","guid":{"rendered":"https:\/\/www.presson.fi\/?page_id=12272"},"modified":"2025-08-12T10:47:02","modified_gmt":"2025-08-12T10:47:02","slug":"e4","status":"publish","type":"page","link":"https:\/\/www.presson.fi\/index.php\/kalusteet\/esityskalusteet\/integroitavat\/e4\/","title":{"rendered":"E4"},"content":{"rendered":"<div class=\"wpb-content-wrapper\"><p>[vc_row gap=&#8221;15&#8243; row_content_width=&#8221;grid&#8221; content_text_aligment=&#8221;left&#8221; css=&#8221;.vc_custom_1492509993885{padding-top: 86px !important;}&#8221;][vc_column offset=&#8221;vc_col-lg-6 vc_col-md-12&#8243;][vc_column_text css=&#8221;&#8221;]<\/p>\n<h1>Interface E4<\/h1>\n<p>[\/vc_column_text]<div class=\"edgtf-elements-holder edgtf-one-column edgtf-responsive-mode-768 edgtf-one-column-alignment-left\" ><div class=\"edgtf-eh-item \"  data-item-class=\"edgtf-eh-custom-559960\" data-1280-1600=\"0 0 0 0\" data-1024-1280=\"0 0 0 0\" data-768-1024=\"0 1% 0 0\" data-600-768=\"0 0 0 0\" data-480-600=\"0 0 0 0\" data-480=\"0 2% 0 0\">\n\t<div class=\"edgtf-eh-item-inner\">\n\t\t<div class=\"edgtf-eh-item-content edgtf-eh-custom-559960\" style=\"padding: 0 10% 0 0\">\n\t\t\t[vc_empty_space height=&#8221;20px&#8221;][vc_column_text css=&#8221;&#8221;]<\/p>\n<h5 data-start=\"1241\" data-end=\"1357\"><strong data-start=\"1241\" data-end=\"1357\">Presson Interface <\/strong><strong data-start=\"1241\" data-end=\"1357\">E4<br \/>\n<\/strong><strong data-start=\"1241\" data-end=\"1357\">\u2013 helppok\u00e4ytt\u00f6isyytt\u00e4 ja visuaalista tyylikkyytt\u00e4 toimiviin kokoustiloihin<\/strong><\/h5>\n<p>E4 Presson Interface tekee kokous- ja neuvottelutiloista selkeit\u00e4, siistej\u00e4 ja helppok\u00e4ytt\u00f6isi\u00e4 kaikille. Esityskalusteen avulla k\u00e4ytt\u00e4jille tarjotaan tarvittavat k\u00e4ytt\u00f6- ja latauskaapelit sek\u00e4 s\u00e4hk\u00f6pistokkeet siististi ja helposti. Sen \u00e4lyk\u00e4s vastapainomekanismi pit\u00e4\u00e4 kaapelit j\u00e4rjestyksess\u00e4 ja palauttaa ne automaattisesti paikoilleen \u2013 ty\u00f6skentely on sujuvaa ja tila on aina siisti ja valmis seuraavaa palaveria varten.<\/p>\n<p>Sis\u00e4\u00e4nrakennettu AV-laitetila helpottaa laiteasennuksia p\u00f6yt\u00e4\u00e4n ja mahdollistaa laitteiden integroinnin kalusteisiin jo tuotantovaiheessa. T\u00e4m\u00e4 nopeuttaa asennusta, helpottaa yll\u00e4pitoa ja antaa tilalle viimeistellyn, ammattimaisen ilmeen ilman n\u00e4kyvi\u00e4 johtoja tai laitteita.<\/p>\n<p>Tyylikk\u00e4\u00e4t viimeistelyvaihtoehdot, kuten Presson FRAME -asennuskehys ja uusi ovaalin mallinen tammikehys, viimeistelev\u00e4t modernin ja br\u00e4ndiin sopivan ilmeen.<\/p>\n<h5><strong data-start=\"1241\" data-end=\"1357\">S<\/strong>uunniteltu k\u00e4ytt\u00f6\u00f6n, suunniteltu kest\u00e4m\u00e4\u00e4n<\/h5>\n<p>Kalusteet ja mekanismit ovat kest\u00e4vi\u00e4 ja suunniteltu p\u00e4ivitett\u00e4viksi. Kun tulee aika vaihtaa k\u00e4ytt\u00f6kaapeli, tilalle vaihdetaan vain uusi kaapeli, mekanismia ei tarvitse vaihtaa, mik\u00e4 tekee kalusteesta hyvin huolto yst\u00e4v\u00e4llisen. K\u00e4ytt\u00f6kaapelit ovat tarpeen mukaan p\u00e4ivitett\u00e4viss\u00e4 valmistajan tarjoamilla varaosilla.<\/p>\n<p data-start=\"1241\" data-end=\"1357\">Presson esityskaluste on pitk\u00e4ik\u00e4inen ja ekologinen ratkaisu joka on rakennettu kest\u00e4m\u00e4\u00e4n. Mekanismin ansiosta kaapelit eiv\u00e4t sotkeudu toisiinsa vaan palautuvat paikoilleen ja pysyv\u00e4t ehjin\u00e4. Kun kaapelit ovat paikoillaan ilman vetoa tai j\u00e4nnityst\u00e4 ne my\u00f6s kest\u00e4v\u00e4t merkitt\u00e4v\u00e4sti pidemp\u00e4\u00e4n. T\u00e4m\u00e4kin tekee kalusteesta kustannustehokkaan ja ymp\u00e4rist\u00f6yst\u00e4v\u00e4llisen \u2013 v\u00e4hemm\u00e4n j\u00e4tett\u00e4, enemm\u00e4n k\u00e4ytt\u00f6vuosia. Vastaavat ratkaisut ovat palvelleet asiakkaita moitteettomasti jopa yli 15 vuoden ajan.<\/p>\n<h5 data-start=\"135\" data-end=\"625\"><strong data-start=\"135\" data-end=\"198\">Vakioitu helppok\u00e4ytt\u00f6isyys on kullanarvoinen asia \u2013 se tekee arjesta sujuvampaa ja yll\u00e4pidosta helpompaa.<\/strong><\/h5>\n<p data-start=\"135\" data-end=\"625\">Presson Esityskalusteet tuovat kokous- ja neuvottelutiloihin yhten\u00e4isen k\u00e4ytt\u00f6kokemuksen, mik\u00e4 tekee tilojen k\u00e4yt\u00f6st\u00e4 vaivatonta k\u00e4ytt\u00e4jille. Olipa kyseess\u00e4 juuri ty\u00f6el\u00e4m\u00e4\u00e4n tullut, palavereiden kokenut ammattilainen tai sis\u00e4isen pikkuneukkarin, auditorion tai edustustilojen k\u00e4ytt\u00e4j\u00e4, Presson Esityskalusteiden avulla esitystekniikka toimii aina \u2013 ja samalla tavalla kaikkialla.<\/p>\n<p data-start=\"135\" data-end=\"625\">Kun tilan k\u00e4ytett\u00e4vyys on samanlainen jokaisessa tilassa, jatkuva erilaisen tilan- tai tekniikan opettelu ja j\u00e4nnitt\u00e4minen j\u00e4\u00e4v\u00e4t historiaan. T\u00e4m\u00e4 poistaa turhan s\u00e4\u00e4t\u00e4misen, ennalta ehk\u00e4isee nolot hetket tekniikan kanssa ja varmistaa, ett\u00e4 kokous voi alkaa ajallaan.<\/p>\n<h5 data-start=\"135\" data-end=\"625\"><strong data-start=\"135\" data-end=\"198\">Kun kokoustiloja on paljon, hy\u00f6dyt organisaatiolle ovat viel\u00e4 merkitt\u00e4v\u00e4mpi\u00e4\u00a0<\/strong><\/h5>\n<p data-start=\"627\" data-end=\"948\">Hy\u00f6ty ei koske ainoastaan k\u00e4ytt\u00e4ji\u00e4 vaan ulottuu my\u00f6s tilojen yll\u00e4pit\u00e4jille, AV-vastaaville ja IT-tuelle. Kun kokoustiloja rakennetaan tai tekniikkaa p\u00e4ivitet\u00e4\u00e4n eri aikoina &#8211; mutta ne toimivat k\u00e4ytt\u00e4j\u00e4lle silti samalla tavalla, on lopputulos selke\u00e4 ja ennustettava. T\u00e4m\u00e4 tarkoittaa v\u00e4hemm\u00e4n ongelmatilanteita, v\u00e4hemm\u00e4n tukipyynt\u00f6j\u00e4 ja paljon enemm\u00e4n tyytyv\u00e4isi\u00e4 k\u00e4ytt\u00e4ji\u00e4. Toimitiloista vastaaville ja tilojen suunnittelijoille vakioidun k\u00e4ytett\u00e4vyyden seuraus on eri kokoustilojen kesken\u00e4\u00e4n tasaisempi ja suurempi k\u00e4ytt\u00f6aste sek\u00e4 tilojen tehokkaampi k\u00e4ytt\u00f6.<\/p>\n<p>[\/vc_column_text]\t\t<\/div>\n\t<\/div>\n<\/div><\/div>[vc_empty_space height=&#8221;5px&#8221;][\/vc_column][vc_column offset=&#8221;vc_col-lg-6 vc_col-md-12&#8243;][vc_single_image image=&#8221;12346&#8243; img_size=&#8221;full&#8221; alignment=&#8221;center&#8221;][vc_empty_space height=&#8221;5px&#8221;][vc_single_image image=&#8221;13099&#8243; img_size=&#8221;full&#8221; alignment=&#8221;center&#8221; css=&#8221;&#8221;][\/vc_column][\/vc_row][vc_row][vc_column][vc_empty_space][\/vc_column][\/vc_row][vc_row][vc_column][vc_empty_space height=&#8221;5px&#8221;]<div class=\"edgtf-image-gallery  edgtf-ig-grid-type    \">\n\t<div class=\"edgtf-ig-inner edgtf-ig-grid edgtf-ig-four-columns edgtf-ig-tiny-space\">\n\t\t\t\t\t<div class=\"edgtf-ig-image\">\n\t\t\t\t<div class=\"edgtf-ig-image-inner\">\n\t\t\t\t\t\t\t\t\t\t\t<img loading=\"lazy\" decoding=\"async\" width=\"800\" height=\"800\" src=\"https:\/\/www.presson.fi\/wp-content\/uploads\/2024\/11\/IMG_7171.jpeg\" class=\"attachment-full size-full\" alt=\"Presson Oy Interface E4 - Esityskaluste viimeistely musta\" srcset=\"https:\/\/www.presson.fi\/wp-content\/uploads\/2024\/11\/IMG_7171.jpeg 800w, https:\/\/www.presson.fi\/wp-content\/uploads\/2024\/11\/IMG_7171-300x300.jpeg 300w, https:\/\/www.presson.fi\/wp-content\/uploads\/2024\/11\/IMG_7171-150x150.jpeg 150w, https:\/\/www.presson.fi\/wp-content\/uploads\/2024\/11\/IMG_7171-768x768.jpeg 768w, https:\/\/www.presson.fi\/wp-content\/uploads\/2024\/11\/IMG_7171-550x550.jpeg 550w, https:\/\/www.presson.fi\/wp-content\/uploads\/2024\/11\/IMG_7171-600x600.jpeg 600w, https:\/\/www.presson.fi\/wp-content\/uploads\/2024\/11\/IMG_7171-100x100.jpeg 100w\" sizes=\"auto, (max-width: 800px) 100vw, 800px\" \/>\t\t\t\t\t\t\t\t\t<\/div>\n\t\t\t\t\t\t\t<\/div>\n\t\t\t\t\t<div class=\"edgtf-ig-image\">\n\t\t\t\t<div class=\"edgtf-ig-image-inner\">\n\t\t\t\t\t\t\t\t\t\t\t<img loading=\"lazy\" decoding=\"async\" width=\"800\" height=\"800\" src=\"https:\/\/www.presson.fi\/wp-content\/uploads\/2024\/10\/IMG_7173.jpeg\" class=\"attachment-full size-full\" alt=\"Presson Oy Interface E4 - Esityskaluste viimeistely musta tammiviilu p\u00f6yt\u00e4\" srcset=\"https:\/\/www.presson.fi\/wp-content\/uploads\/2024\/10\/IMG_7173.jpeg 800w, https:\/\/www.presson.fi\/wp-content\/uploads\/2024\/10\/IMG_7173-300x300.jpeg 300w, https:\/\/www.presson.fi\/wp-content\/uploads\/2024\/10\/IMG_7173-150x150.jpeg 150w, https:\/\/www.presson.fi\/wp-content\/uploads\/2024\/10\/IMG_7173-768x768.jpeg 768w, https:\/\/www.presson.fi\/wp-content\/uploads\/2024\/10\/IMG_7173-550x550.jpeg 550w, https:\/\/www.presson.fi\/wp-content\/uploads\/2024\/10\/IMG_7173-600x600.jpeg 600w, https:\/\/www.presson.fi\/wp-content\/uploads\/2024\/10\/IMG_7173-100x100.jpeg 100w\" sizes=\"auto, (max-width: 800px) 100vw, 800px\" \/>\t\t\t\t\t\t\t\t\t<\/div>\n\t\t\t\t\t\t\t<\/div>\n\t\t\t\t\t<div class=\"edgtf-ig-image\">\n\t\t\t\t<div class=\"edgtf-ig-image-inner\">\n\t\t\t\t\t\t\t\t\t\t\t<img loading=\"lazy\" decoding=\"async\" width=\"800\" height=\"800\" src=\"https:\/\/www.presson.fi\/wp-content\/uploads\/2024\/11\/IMG_6561.jpeg\" class=\"attachment-full size-full\" alt=\"Presson Oy Interface E4 - Esityskaluste viimeistely musta\" srcset=\"https:\/\/www.presson.fi\/wp-content\/uploads\/2024\/11\/IMG_6561.jpeg 800w, https:\/\/www.presson.fi\/wp-content\/uploads\/2024\/11\/IMG_6561-300x300.jpeg 300w, https:\/\/www.presson.fi\/wp-content\/uploads\/2024\/11\/IMG_6561-150x150.jpeg 150w, https:\/\/www.presson.fi\/wp-content\/uploads\/2024\/11\/IMG_6561-768x768.jpeg 768w, https:\/\/www.presson.fi\/wp-content\/uploads\/2024\/11\/IMG_6561-550x550.jpeg 550w, https:\/\/www.presson.fi\/wp-content\/uploads\/2024\/11\/IMG_6561-600x600.jpeg 600w, https:\/\/www.presson.fi\/wp-content\/uploads\/2024\/11\/IMG_6561-100x100.jpeg 100w\" sizes=\"auto, (max-width: 800px) 100vw, 800px\" \/>\t\t\t\t\t\t\t\t\t<\/div>\n\t\t\t\t\t\t\t<\/div>\n\t\t\t\t\t<div class=\"edgtf-ig-image\">\n\t\t\t\t<div class=\"edgtf-ig-image-inner\">\n\t\t\t\t\t\t\t\t\t\t\t<img loading=\"lazy\" decoding=\"async\" width=\"800\" height=\"800\" src=\"https:\/\/www.presson.fi\/wp-content\/uploads\/2024\/10\/IMG_5225.jpeg\" class=\"attachment-full size-full\" alt=\"Presson Oy Interface E4 - Esityskaluste viimeistely musta\" srcset=\"https:\/\/www.presson.fi\/wp-content\/uploads\/2024\/10\/IMG_5225.jpeg 800w, https:\/\/www.presson.fi\/wp-content\/uploads\/2024\/10\/IMG_5225-300x300.jpeg 300w, https:\/\/www.presson.fi\/wp-content\/uploads\/2024\/10\/IMG_5225-150x150.jpeg 150w, https:\/\/www.presson.fi\/wp-content\/uploads\/2024\/10\/IMG_5225-768x768.jpeg 768w, https:\/\/www.presson.fi\/wp-content\/uploads\/2024\/10\/IMG_5225-550x550.jpeg 550w, https:\/\/www.presson.fi\/wp-content\/uploads\/2024\/10\/IMG_5225-600x600.jpeg 600w, https:\/\/www.presson.fi\/wp-content\/uploads\/2024\/10\/IMG_5225-100x100.jpeg 100w\" sizes=\"auto, (max-width: 800px) 100vw, 800px\" \/>\t\t\t\t\t\t\t\t\t<\/div>\n\t\t\t\t\t\t\t<\/div>\n\t\t\t<\/div>\n<\/div>[\/vc_column][\/vc_row][vc_row][vc_column][vc_separator][\/vc_column][\/vc_row][vc_row gap=&#8221;15&#8243; row_content_width=&#8221;grid&#8221; content_text_aligment=&#8221;left&#8221; css=&#8221;.vc_custom_1682071902603{padding-top: 30px !important;padding-bottom: 20px !important;}&#8221;][vc_column width=&#8221;1\/3&#8243;][vc_column_text]<\/p>\n<h5>E4<\/h5>\n<p>[\/vc_column_text]<div class=\"edgtf-elements-holder edgtf-one-column edgtf-responsive-mode-768 edgtf-one-column-alignment-left\" ><div class=\"edgtf-eh-item \"  data-item-class=\"edgtf-eh-custom-894700\" data-1280-1600=\"0 0 0 0\" data-1024-1280=\"0 0 0 0\" data-768-1024=\"0 1% 0 0\" data-600-768=\"0 0 0 0\" data-480-600=\"0 0 0 0\" data-480=\"0 2% 0 0\">\n\t<div class=\"edgtf-eh-item-inner\">\n\t\t<div class=\"edgtf-eh-item-content edgtf-eh-custom-894700\" style=\"padding: 0 10% 0 0\">\n\t\t\t[vc_column_text css=&#8221;&#8221;]<\/p>\n<ul>\n<li>K\u00e4ytt\u00f6kaapelit: 1-4 kpl<\/li>\n<li>K\u00e4ytt\u00f6kaapelin pituus: 1120 mm<\/li>\n<li>S\u00e4hk\u00f6pistoke: 2 kpl<\/li>\n<\/ul>\n<p>[\/vc_column_text]\t\t<\/div>\n\t<\/div>\n<\/div><\/div>[\/vc_column][vc_column width=&#8221;1\/3&#8243;][vc_column_text]<\/p>\n<h5>MITAT<\/h5>\n<p>[\/vc_column_text]<div class=\"edgtf-elements-holder edgtf-one-column edgtf-responsive-mode-768 edgtf-one-column-alignment-left\" ><div class=\"edgtf-eh-item \"  data-item-class=\"edgtf-eh-custom-918798\" data-1280-1600=\"0 0 0 0\" data-1024-1280=\"0 0 0 0\" data-768-1024=\"0 1% 0 0\" data-600-768=\"0 0 0 0\" data-480-600=\"0 0 0 0\" data-480=\"0 2% 0 0\">\n\t<div class=\"edgtf-eh-item-inner\">\n\t\t<div class=\"edgtf-eh-item-content edgtf-eh-custom-918798\" style=\"padding: 0 10% 0 0\">\n\t\t\t[vc_column_text css=&#8221;&#8221;]<\/p>\n<ul>\n<li>Leveys: 396 mm<\/li>\n<li>Syvyys: 232 mm<\/li>\n<li>Korkeus: 665 mm<br \/>\n(s\u00e4\u00e4t\u00f6vara 665-720 mm)<\/li>\n<li>Paino: 25kg<\/li>\n<\/ul>\n<p>[\/vc_column_text]\t\t<\/div>\n\t<\/div>\n<\/div><\/div>[\/vc_column][vc_column width=&#8221;1\/6&#8243;][\/vc_column][\/vc_row][vc_row css=&#8221;.vc_custom_1682071951948{padding-top: 1px !important;}&#8221;][vc_column][vc_separator][\/vc_column][\/vc_row][vc_row gap=&#8221;15&#8243; row_content_width=&#8221;grid&#8221; content_text_aligment=&#8221;left&#8221; css=&#8221;.vc_custom_1682071902603{padding-top: 30px !important;padding-bottom: 20px !important;}&#8221;][vc_column width=&#8221;1\/3&#8243;][vc_column_text]<\/p>\n<h5>LIS\u00c4TIEDOT<\/h5>\n<p>[\/vc_column_text]<div class=\"edgtf-elements-holder edgtf-one-column edgtf-responsive-mode-768 edgtf-one-column-alignment-left\" ><div class=\"edgtf-eh-item \"  data-item-class=\"edgtf-eh-custom-219769\" data-1280-1600=\"0 0 0 0\" data-1024-1280=\"0 0 0 0\" data-768-1024=\"0 1% 0 0\" data-600-768=\"0 0 0 0\" data-480-600=\"0 0 0 0\" data-480=\"0 2% 0 0\">\n\t<div class=\"edgtf-eh-item-inner\">\n\t\t<div class=\"edgtf-eh-item-content edgtf-eh-custom-219769\" style=\"padding: 0 10% 0 0\">\n\t\t\t[vc_column_text css=&#8221;&#8221;]<\/p>\n<ul>\n<li>Avattava laitetila<\/li>\n<li>Laitetilassa 5-os. s\u00e4hk\u00f6pistoke<\/li>\n<li>Virtajohto 1,5m<\/li>\n<li>S\u00e4\u00e4t\u00f6tassut<\/li>\n<\/ul>\n<p>K\u00e4ytt\u00f6kaapeli vaihtoehdot:<\/p>\n<ul>\n<li>HDMI (-HDMI, esityskaapeli)<\/li>\n<li>USB-C (All in one: USB-, HDMI-esitys- ja 65W-latauskaapeli)<\/li>\n<li>USB-C (-HDMI, esityskaapeli)<\/li>\n<li>USB-C 65W (Power Delivery latauskaapeli)<\/li>\n<li>USB-A (-USB-A 2.0, U-N, USB-kaapeli)<\/li>\n<li>Apple Lightning (-USB-C latauskaapeli)<\/li>\n<li>RJ45 LAN (verkkokaapeli)<\/li>\n<li>3.5mm Audio (-3.5mm audio -kaapeli)<\/li>\n<\/ul>\n<p>[\/vc_column_text]\t\t<\/div>\n\t<\/div>\n<\/div><\/div>[\/vc_column][vc_column width=&#8221;1\/3&#8243;][vc_column_text]<\/p>\n<h5>LIS\u00c4VARUSTEET<\/h5>\n<p>[\/vc_column_text]<div class=\"edgtf-elements-holder edgtf-one-column edgtf-responsive-mode-768 edgtf-one-column-alignment-left\" ><div class=\"edgtf-eh-item \"  data-item-class=\"edgtf-eh-custom-441627\" data-1280-1600=\"0 0 0 0\" data-1024-1280=\"0 0 0 0\" data-768-1024=\"0 1% 0 0\" data-600-768=\"0 0 0 0\" data-480-600=\"0 0 0 0\" data-480=\"0 2% 0 0\">\n\t<div class=\"edgtf-eh-item-inner\">\n\t\t<div class=\"edgtf-eh-item-content edgtf-eh-custom-441627\" style=\"padding: 0 10% 0 0\">\n\t\t\t[vc_column_text css=&#8221;&#8221;]<\/p>\n<ul>\n<li>Virtajohto 3m \/ 5m \/ 10m<\/li>\n<li>S\u00e4hk\u00f6pistoke lis\u00e4ys 2 kpl<\/li>\n<li>Toinen 5-os. s\u00e4hk\u00f6pistoke laitetilaan<\/li>\n<li>Kosketusn\u00e4yt\u00f6llinen AV-ohjauspaneeli<br \/>\n(esim. Cisco, Crestron tai Teams)<\/li>\n<li>AV-painikepaneeli<\/li>\n<li>P\u00f6yt\u00e4tasolle l\u00e4pivienti tai LAN (RJ45)-laitekaapeli erillist\u00e4 ohjauspaneelia\/muuta laitetta varten<\/li>\n<li><em><a href=\"https:\/\/www.presson.fi\/index.php\/kalusteet\/esityskalusteet\/integroitavat\/poytaluukut\/frame\/\">Presson Frame-viimeistelykehys<\/a><\/em> viimeistelee p\u00f6yd\u00e4n aukotukseen<\/li>\n<li><em><a href=\"https:\/\/www.presson.fi\/index.php\/kalusteet\/esityskalusteet\/integroitavat\/poytaluukut\/lid\/\">Presson Lid-luukuilla<\/a><\/em> viimeistelee p\u00f6yd\u00e4n aukotuksen<\/li>\n<\/ul>\n<p>[\/vc_column_text]\t\t<\/div>\n\t<\/div>\n<\/div><\/div>[\/vc_column][vc_column width=&#8221;1\/6&#8243;][\/vc_column][\/vc_row][vc_row css=&#8221;.vc_custom_1682071951948{padding-top: 1px !important;}&#8221;][vc_column][vc_separator][\/vc_column][\/vc_row][vc_row gap=&#8221;15&#8243; row_content_width=&#8221;grid&#8221; content_text_aligment=&#8221;left&#8221;][vc_column width=&#8221;1\/3&#8243;][vc_column_text]<\/p>\n<h5>VIIMEISTELY<\/h5>\n<p>[\/vc_column_text]<div class=\"edgtf-elements-holder edgtf-one-column edgtf-responsive-mode-768 edgtf-one-column-alignment-left\" ><div class=\"edgtf-eh-item \"  data-item-class=\"edgtf-eh-custom-913570\" data-1280-1600=\"0 0 0 0\" data-1024-1280=\"0 0 0 0\" data-768-1024=\"0 1% 0 0\" data-600-768=\"0 0 0 0\" data-480-600=\"0 0 0 0\" data-480=\"0 2% 0 0\">\n\t<div class=\"edgtf-eh-item-inner\">\n\t\t<div class=\"edgtf-eh-item-content edgtf-eh-custom-913570\" style=\"padding: 0 10% 0 0\">\n\t\t\t[vc_column_text css=&#8221;&#8221;]Musta RAL9005[\/vc_column_text]\t\t<\/div>\n\t<\/div>\n<\/div><\/div>[\/vc_column][vc_column width=&#8221;1\/3&#8243;][vc_column_text css=&#8221;&#8221;]<\/p>\n<h5>R\u00c4\u00c4T\u00c4L\u00d6INTI<\/h5>\n<p>[\/vc_column_text]<div class=\"edgtf-elements-holder edgtf-one-column edgtf-responsive-mode-768 edgtf-one-column-alignment-left\" ><div class=\"edgtf-eh-item \"  data-item-class=\"edgtf-eh-custom-449430\" data-1280-1600=\"0 0 0 0\" data-1024-1280=\"0 0 0 0\" data-768-1024=\"0 1% 0 0\" data-600-768=\"0 0 0 0\" data-480-600=\"0 0 0 0\" data-480=\"0 2% 0 0\">\n\t<div class=\"edgtf-eh-item-inner\">\n\t\t<div class=\"edgtf-eh-item-content edgtf-eh-custom-449430\" style=\"padding: 0 10% 0 0\">\n\t\t\t[vc_column_text css=&#8221;&#8221;]Kalusteiden yksil\u00f6llinen kustomointi mahdollista.<\/p>\n<p>Optiona kalusteen rungon viimeistely<\/p>\n<ul>\n<li>Maalaus muu RAL-s\u00e4vy<\/li>\n<li>Puuviilu, lakkaus<br \/>\n(mm. Tammi, Saarni, Koivu&#8230;)<\/li>\n<li>Valkoiseksi petsattu puuviilu<\/li>\n<li>Mustaksi petsattu puuviilu<\/li>\n<\/ul>\n<p>[\/vc_column_text]\t\t<\/div>\n\t<\/div>\n<\/div><\/div>[\/vc_column][vc_column width=&#8221;1\/6&#8243;][\/vc_column][\/vc_row][vc_row gap=&#8221;15&#8243; content_placement=&#8221;middle&#8221; row_content_width=&#8221;grid&#8221; content_text_aligment=&#8221;center&#8221; css=&#8221;.vc_custom_1682072225182{padding-top: 20px !important;}&#8221;][vc_column offset=&#8221;vc_col-lg-6 vc_col-md-12&#8243; css=&#8221;.vc_custom_1492510149365{padding-top: 0px !important;padding-bottom: 0px !important;}&#8221;][vc_btn title=&#8221;KYSY LIS\u00c4\u00c4!&#8221; color=&#8221;black&#8221; align=&#8221;left&#8221; link=&#8221;url:https%3A%2F%2Fuusi.presson.fi%2Findex.php%2Fotayhteytta%2F|target:_blank&#8221;][\/vc_column][\/vc_row][vc_row gap=&#8221;15&#8243; content_placement=&#8221;middle&#8221; disable_element=&#8221;yes&#8221; row_content_width=&#8221;grid&#8221; content_text_aligment=&#8221;center&#8221; css=&#8221;.vc_custom_1669883673634{padding-bottom: 47px !important;}&#8221;][vc_column offset=&#8221;vc_col-lg-6 vc_col-md-12&#8243; css=&#8221;.vc_custom_1492510149365{padding-top: 0px !important;padding-bottom: 0px !important;}&#8221;]<div class=\"edgtf-image-gallery  edgtf-ig-grid-type    \">\n\t<div class=\"edgtf-ig-inner edgtf-ig-grid edgtf-ig-two-columns edgtf-ig-big-space\">\n\t\t\t\t\t<div class=\"edgtf-ig-image\">\n\t\t\t\t<div class=\"edgtf-ig-image-inner\">\n\t\t\t\t\t\t\t\t\t\t\t<img loading=\"lazy\" decoding=\"async\" width=\"800\" height=\"800\" src=\"https:\/\/www.presson.fi\/wp-content\/uploads\/2017\/04\/p1-gallery-img-1.jpg\" class=\"attachment-full size-full\" alt=\"g\" srcset=\"https:\/\/www.presson.fi\/wp-content\/uploads\/2017\/04\/p1-gallery-img-1.jpg 800w, https:\/\/www.presson.fi\/wp-content\/uploads\/2017\/04\/p1-gallery-img-1-300x300.jpg 300w, https:\/\/www.presson.fi\/wp-content\/uploads\/2017\/04\/p1-gallery-img-1-100x100.jpg 100w, https:\/\/www.presson.fi\/wp-content\/uploads\/2017\/04\/p1-gallery-img-1-600x600.jpg 600w, https:\/\/www.presson.fi\/wp-content\/uploads\/2017\/04\/p1-gallery-img-1-150x150.jpg 150w, https:\/\/www.presson.fi\/wp-content\/uploads\/2017\/04\/p1-gallery-img-1-768x768.jpg 768w, https:\/\/www.presson.fi\/wp-content\/uploads\/2017\/04\/p1-gallery-img-1-550x550.jpg 550w\" sizes=\"auto, (max-width: 800px) 100vw, 800px\" \/>\t\t\t\t\t\t\t\t\t<\/div>\n\t\t\t\t\t\t\t<\/div>\n\t\t\t\t\t<div class=\"edgtf-ig-image\">\n\t\t\t\t<div class=\"edgtf-ig-image-inner\">\n\t\t\t\t\t\t\t\t\t\t\t<img loading=\"lazy\" decoding=\"async\" width=\"800\" height=\"800\" src=\"https:\/\/www.presson.fi\/wp-content\/uploads\/2017\/04\/p1-gallery-img-2.jpg\" class=\"attachment-full size-full\" alt=\"g\" srcset=\"https:\/\/www.presson.fi\/wp-content\/uploads\/2017\/04\/p1-gallery-img-2.jpg 800w, https:\/\/www.presson.fi\/wp-content\/uploads\/2017\/04\/p1-gallery-img-2-300x300.jpg 300w, https:\/\/www.presson.fi\/wp-content\/uploads\/2017\/04\/p1-gallery-img-2-100x100.jpg 100w, https:\/\/www.presson.fi\/wp-content\/uploads\/2017\/04\/p1-gallery-img-2-600x600.jpg 600w, https:\/\/www.presson.fi\/wp-content\/uploads\/2017\/04\/p1-gallery-img-2-150x150.jpg 150w, https:\/\/www.presson.fi\/wp-content\/uploads\/2017\/04\/p1-gallery-img-2-768x768.jpg 768w, https:\/\/www.presson.fi\/wp-content\/uploads\/2017\/04\/p1-gallery-img-2-550x550.jpg 550w\" sizes=\"auto, (max-width: 800px) 100vw, 800px\" \/>\t\t\t\t\t\t\t\t\t<\/div>\n\t\t\t\t\t\t\t<\/div>\n\t\t\t<\/div>\n<\/div>[\/vc_column][vc_column offset=&#8221;vc_col-lg-6 vc_col-md-12&#8243; css=&#8221;.vc_custom_1492510167989{padding-top: 0px !important;padding-bottom: 0px !important;}&#8221;]<div class=\"edgtf-image-gallery  edgtf-ig-grid-type    \">\n\t<div class=\"edgtf-ig-inner edgtf-ig-grid edgtf-ig-two-columns edgtf-ig-big-space\">\n\t\t\t\t\t<div class=\"edgtf-ig-image\">\n\t\t\t\t<div class=\"edgtf-ig-image-inner\">\n\t\t\t\t\t\t\t\t\t\t\t<img loading=\"lazy\" decoding=\"async\" width=\"800\" height=\"800\" src=\"https:\/\/www.presson.fi\/wp-content\/uploads\/2017\/04\/p1-gallery-img-3.jpg\" class=\"attachment-full size-full\" alt=\"g\" srcset=\"https:\/\/www.presson.fi\/wp-content\/uploads\/2017\/04\/p1-gallery-img-3.jpg 800w, https:\/\/www.presson.fi\/wp-content\/uploads\/2017\/04\/p1-gallery-img-3-300x300.jpg 300w, https:\/\/www.presson.fi\/wp-content\/uploads\/2017\/04\/p1-gallery-img-3-100x100.jpg 100w, https:\/\/www.presson.fi\/wp-content\/uploads\/2017\/04\/p1-gallery-img-3-600x600.jpg 600w, https:\/\/www.presson.fi\/wp-content\/uploads\/2017\/04\/p1-gallery-img-3-150x150.jpg 150w, https:\/\/www.presson.fi\/wp-content\/uploads\/2017\/04\/p1-gallery-img-3-768x768.jpg 768w, https:\/\/www.presson.fi\/wp-content\/uploads\/2017\/04\/p1-gallery-img-3-550x550.jpg 550w\" sizes=\"auto, (max-width: 800px) 100vw, 800px\" \/>\t\t\t\t\t\t\t\t\t<\/div>\n\t\t\t\t\t\t\t<\/div>\n\t\t\t\t\t<div class=\"edgtf-ig-image\">\n\t\t\t\t<div class=\"edgtf-ig-image-inner\">\n\t\t\t\t\t\t\t\t\t\t\t<img loading=\"lazy\" decoding=\"async\" width=\"800\" height=\"800\" src=\"https:\/\/www.presson.fi\/wp-content\/uploads\/2017\/04\/p1-gallery-img-4.jpg\" class=\"attachment-full size-full\" alt=\"g\" srcset=\"https:\/\/www.presson.fi\/wp-content\/uploads\/2017\/04\/p1-gallery-img-4.jpg 800w, https:\/\/www.presson.fi\/wp-content\/uploads\/2017\/04\/p1-gallery-img-4-300x300.jpg 300w, https:\/\/www.presson.fi\/wp-content\/uploads\/2017\/04\/p1-gallery-img-4-100x100.jpg 100w, https:\/\/www.presson.fi\/wp-content\/uploads\/2017\/04\/p1-gallery-img-4-600x600.jpg 600w, https:\/\/www.presson.fi\/wp-content\/uploads\/2017\/04\/p1-gallery-img-4-150x150.jpg 150w, https:\/\/www.presson.fi\/wp-content\/uploads\/2017\/04\/p1-gallery-img-4-768x768.jpg 768w, https:\/\/www.presson.fi\/wp-content\/uploads\/2017\/04\/p1-gallery-img-4-550x550.jpg 550w\" sizes=\"auto, (max-width: 800px) 100vw, 800px\" \/>\t\t\t\t\t\t\t\t\t<\/div>\n\t\t\t\t\t\t\t<\/div>\n\t\t\t<\/div>\n<\/div>[\/vc_column][\/vc_row][vc_row][vc_column][vc_empty_space height=&#8221;20px&#8221;][\/vc_column][\/vc_row]<\/p>\n<\/div>","protected":false},"excerpt":{"rendered":"<p>[vc_row gap=&#8221;15&#8243; row_content_width=&#8221;grid&#8221; content_text_aligment=&#8221;left&#8221; css=&#8221;.vc_custom_1492509993885{padding-top: 86px !important;}&#8221;][vc_column offset=&#8221;vc_col-lg-6 vc_col-md-12&#8243;][vc_column_text css=&#8221;&#8221;] Interface E4 [\/vc_column_text][vc_empty_space height=&#8221;5px&#8221;][\/vc_column][vc_column offset=&#8221;vc_col-lg-6 vc_col-md-12&#8243;][vc_single_image image=&#8221;12346&#8243; img_size=&#8221;full&#8221; alignment=&#8221;center&#8221;][vc_empty_space height=&#8221;5px&#8221;][vc_single_image image=&#8221;13099&#8243; img_size=&#8221;full&#8221; alignment=&#8221;center&#8221; css=&#8221;&#8221;][\/vc_column][\/vc_row][vc_row][vc_column][vc_empty_space][\/vc_column][\/vc_row][vc_row][vc_column][vc_empty_space height=&#8221;5px&#8221;][\/vc_column][\/vc_row][vc_row][vc_column][vc_separator][\/vc_column][\/vc_row][vc_row gap=&#8221;15&#8243; row_content_width=&#8221;grid&#8221; content_text_aligment=&#8221;left&#8221; css=&#8221;.vc_custom_1682071902603{padding-top: 30px !important;padding-bottom: 20px !important;}&#8221;][vc_column width=&#8221;1\/3&#8243;][vc_column_text] E4 [\/vc_column_text][\/vc_column][vc_column width=&#8221;1\/3&#8243;][vc_column_text] MITAT [\/vc_column_text][\/vc_column][vc_column width=&#8221;1\/6&#8243;][\/vc_column][\/vc_row][vc_row [&hellip;]<\/p>\n","protected":false},"author":1,"featured_media":0,"parent":10419,"menu_order":0,"comment_status":"closed","ping_status":"closed","template":"full-width.php","meta":{"footnotes":""},"class_list":["post-12272","page","type-page","status-publish","hentry"],"_links":{"self":[{"href":"https:\/\/www.presson.fi\/index.php\/wp-json\/wp\/v2\/pages\/12272","targetHints":{"allow":["GET"]}}],"collection":[{"href":"https:\/\/www.presson.fi\/index.php\/wp-json\/wp\/v2\/pages"}],"about":[{"href":"https:\/\/www.presson.fi\/index.php\/wp-json\/wp\/v2\/types\/page"}],"author":[{"embeddable":true,"href":"https:\/\/www.presson.fi\/index.php\/wp-json\/wp\/v2\/users\/1"}],"replies":[{"embeddable":true,"href":"https:\/\/www.presson.fi\/index.php\/wp-json\/wp\/v2\/comments?post=12272"}],"version-history":[{"count":34,"href":"https:\/\/www.presson.fi\/index.php\/wp-json\/wp\/v2\/pages\/12272\/revisions"}],"predecessor-version":[{"id":13109,"href":"https:\/\/www.presson.fi\/index.php\/wp-json\/wp\/v2\/pages\/12272\/revisions\/13109"}],"up":[{"embeddable":true,"href":"https:\/\/www.presson.fi\/index.php\/wp-json\/wp\/v2\/pages\/10419"}],"wp:attachment":[{"href":"https:\/\/www.presson.fi\/index.php\/wp-json\/wp\/v2\/media?parent=12272"}],"curies":[{"name":"wp","href":"https:\/\/api.w.org\/{rel}","templated":true}]}}